{"id":20937,"date":"2022-01-11T16:20:29","date_gmt":"2022-01-11T16:20:29","guid":{"rendered":"https:\/\/centrededialalluna.com\/?page_id=20937"},"modified":"2025-04-05T21:32:19","modified_gmt":"2025-04-05T21:32:19","slug":"politica-de-privacidad","status":"publish","type":"page","link":"https:\/\/centrededialalluna.com\/es_es\/politica-de-privacidad\/","title":{"rendered":"Pol\u00edtica de privacidad"},"content":{"rendered":"\t\t<div data-elementor-type=\"wp-page\" data-elementor-id=\"20937\" class=\"elementor elementor-20937\">\n\t\t\t\t\t\t<section class=\"elementor-section elementor-top-section elementor-element elementor-element-e20a227 elementor-section-boxed elementor-section-height-default elementor-section-height-default\" data-id=\"e20a227\" data-element_type=\"section\" data-e-type=\"section\">\n\t\t\t\t\t\t<div class=\"elementor-container elementor-column-gap-default\">\n\t\t\t\t\t<div class=\"elementor-column elementor-col-100 elementor-top-column elementor-element elementor-element-aee1d5b\" data-id=\"aee1d5b\" data-element_type=\"column\" data-e-type=\"column\">\n\t\t\t<div class=\"elementor-widget-wrap elementor-element-populated\">\n\t\t\t\t\t\t<div class=\"elementor-element elementor-element-04cdf09 elementor-widget elementor-widget-text-editor\" data-id=\"04cdf09\" data-element_type=\"widget\" data-e-type=\"widget\" data-widget_type=\"text-editor.default\">\n\t\t\t\t<div class=\"elementor-widget-container\">\n\t\t\t\t\t\t\t\t\t<p>\u00daltima actualizaci\u00f3n: enero 2025.<\/p>\n<p><strong>1. INFORMACI\u00d3N AL USUARIO<\/strong><\/p>\n<p>Pe Seis Plus S.L., como responsable del Tratamiento, le informa que, seg\u00fan lo dispuesto en el Reglamento (UE) 2016\/679, de 27 de abril, (RGPD) y en la L.O. 3\/2018, de 5 de diciembre, de protecci\u00f3n de datos y garant\u00eda de los derechos digitales (LOPDGDD), trataremos sus datos tal y como reflejamos en la presente Pol\u00edtica de Privacidad.<\/p>\n<p>En esta Pol\u00edtica de Privacidad describimos c\u00f3mo recogemos sus datos personales y por qu\u00e9 los recogemos, qu\u00e9 hacemos con ellos, con qui\u00e9n los compartimos, c\u00f3mo los protegemos y sus opciones en cuanto al tratamiento de sus datos personales.<\/p>\n<p>Esta Pol\u00edtica se aplica al tratamiento de sus datos personales recogidos por la empresa para la prestaci\u00f3n de sus servicios. Si acepta las medidas de esta Pol\u00edtica, acepta que tratemos sus datos personales como se define en esta Pol\u00edtica.<\/p>\n<p style=\"margin: 0cm 0cm 18pt; background-image: initial; background-position: initial; background-size: initial; background-repeat: initial; background-attachment: initial; background-origin: initial; background-clip: initial;\">En el caso de recibir un formulario de contacto o una direcci\u00f3n de email, todos los datos personales ser\u00e1n incorporados a una base de datos con titularidad de La Lluna. La responsable de los mismos es Betlem Rod\u00f3. En el caso de querer ejercer los derechos de acceso, rectificaci\u00f3n, cancelaci\u00f3n u oposici\u00f3n se puede contactar con la direcci\u00f3n de email info@centrededialalluna.com.<\/p>\n<p style=\"margin: 0cm 0cm 18pt; background-image: initial; background-position: initial; background-size: initial; background-repeat: initial; background-attachment: initial; background-origin: initial; background-clip: initial;\"><span style=\"font-size: 13.5pt; font-family: Saira; color: #171717;\">&nbsp;<\/span><\/p>\n<p><b>2. CONTACTO<\/b><br><b>Denominaci\u00f3n social: <\/b>Pe Seis Plus S.L.<br><b>Nombre comercial: <\/b>Centre de dia La Lluna<br><b>CIF:<\/b> B6235309 <br><b>Domicilio:<\/b> Plaza teresa Valls i Div\u00ed, 3, Sant Boi de Llobregat, 08830, Barcelona<br><b>e-mail:<\/b> info@centrededialalluna.com<\/p>\n<p><b>3. PRINCIPIOS CLAVE<\/b><br>Siempre hemos estado comprometidos con prestar nuestros servicios con el m\u00e1s alto grado de calidad, lo que incluye tratar sus datos con seguridad y transparencia. Nuestros principios son:<\/p>\n<p>\u2022 Legalidad: Solo recopilaremos sus Datos personales para fines espec\u00edficos, expl\u00edcitos y leg\u00edtimos.<br>\u2022 Minimizaci\u00f3n de datos: Limitamos la recogida de datos de car\u00e1cter personal a lo que es estrictamente relevante y necesario para los fines para los que se han recopilado.<br>\u2022 Limitaci\u00f3n de la Finalidad: Solo recogeremos sus datos personales para los fines declarados y solo seg\u00fan sus deseos.<br>\u2022 Precisi\u00f3n: Mantendremos sus datos personales exactos y actualizados.<br>\u2022 Seguridad de los Datos: Aplicamos las medidas t\u00e9cnicas y organizativas adecuadas y proporcionales a los riesgos para garantizar que sus datos no sufran da\u00f1os, tales como divulgaci\u00f3n o acceso no autorizado, la destrucci\u00f3n accidental o il\u00edcita o su p\u00e9rdida accidental o alteraci\u00f3n y cualquier otra forma de tratamiento il\u00edcito.<br>\u2022 Acceso y Rectificaci\u00f3n: Disponemos de medios para que acceda o rectifique sus datos cuando lo considere oportuno.<br>\u2022 Conservaci\u00f3n: Conservamos sus datos personales de manera legal y apropiada y solo mientras es necesario para los fines para los que se han recopilado.<br>\u2022 Las transferencias internacionales: cuando se d\u00e9 el caso de que sus datos vayan a ser transferidos fuera de la UE\/EEE se proteger\u00e1n adecuadamente.<br>\u2022 Terceros: El acceso y transferencia de datos personales a terceros se llevan a cabo de acuerdo con las leyes y reglamentos aplicables y con las garant\u00edas contractuales adecuadas.<br>\u2022 Marketing Directo y cookies: Cumplimos con la legislaci\u00f3n aplicable en materia de publicidad y cookies.<\/p>\n<p><b>4. RECOGIDA Y TRATAMIENTO DE SUS DATOS PERSONALES<\/b><\/p>\n<p>Los tipos de datos que se pueden solicitar y tratar son:<br>\u2022 Datos de car\u00e1cter identificativo.<\/p>\n<p>Tambi\u00e9n recogemos de forma autom\u00e1tica datos sobre su visita a nuestro sitio web seg\u00fan se describe en la pol\u00edtica de cookies.<\/p>\n<p>Siempre que solicitemos sus Datos personales, le informaremos con claridad de qu\u00e9 datos personales recogemos y con qu\u00e9 fin. En general, recogemos y tratamos sus datos personales con el prop\u00f3sito de:<br>\u2022 Proporcionar informaci\u00f3n, servicios, productos, informaci\u00f3n relevante y novedades en el sector.<br>\u2022 Env\u00edo de comunicaciones.<\/p>\n<p><b>5. LEGITIMIDAD<\/b><br>De acuerdo con la normativa de protecci\u00f3n de datos aplicable, sus datos personales podr\u00e1n tratarse siempre que:<br>\u2022 Nos ha dado su consentimiento a los efectos del tratamiento. Por supuesto podr\u00e1 retirar su consentimiento en cualquier momento.<br>\u2022 Por requerimiento legal.<br>\u2022 Por existir un inter\u00e9s leg\u00edtimo que no se vea menoscabado por sus derechos de privacidad, como por ejemplo el env\u00edo de informaci\u00f3n comercial bien por suscripci\u00f3n a nuestra newsletter o por su condici\u00f3n de cliente.<br>\u2022 Por ser necesaria para la prestaci\u00f3n de alguno de nuestros servicios mediante relaci\u00f3n contractual entre usted y nosotros.<\/p>\n<p><b>6. COMUNICACI\u00d3N DE DATOS PERSONALES<\/b><br>Los datos pueden ser comunicados a empresas relacionadas con Pe Seis Plus S.L. para la prestaci\u00f3n de los diversos servicios en calidad de Encargados del Tratamiento. La empresa no realizar\u00e1 ninguna cesi\u00f3n, salvo por obligaci\u00f3n legal.<\/p>\n<p><b>7. SUS DERECHOS<\/b><br>En relaci\u00f3n con la recogida y tratamiento de sus datos personales, puede ponerse en contacto con nosotros en cualquier momento para:<br>\u2022 Acceder a sus datos personales y a cualquier otra informaci\u00f3n indicada en el Art\u00edculo 15.1 del RGPD.<br>\u2022 Rectificar sus datos personales que sean inexactos o est\u00e9n incompletos de acuerdo con el Art\u00edculo 16 del RGPD.<br>\u2022 Suprimir sus datos personales de acuerdo con el Art\u00edculo 17 del RGPD.<br>\u2022 Limitar el tratamiento de sus datos personales de acuerdo con el Art\u00edculo 18 del RGPD.<br>\u2022 Solicitar la portabilidad de sus datos de acuerdo con el Art\u00edculo 20 del RGPD.<br>\u2022 Oponerse al tratamiento de sus datos personales de acuerdo con el art\u00edculo 21 del RGPD.<\/p>\n<p>Si ha otorgado su consentimiento para alguna finalidad concreta, tiene derecho a retirar el consentimiento otorgado en cualquier momento, sin que ello afecte a la licitud del tratamiento basado en el consentimiento previo a su retirada rrhh. Puede ejercer estos derechos enviando comunicaci\u00f3n, motivada y acreditada, ainfo@centrededialalluna.com<\/p>\n<p>Tambi\u00e9n tiene derecho a presentar una reclamaci\u00f3n ante la Autoridad de control competente (www.aepd.es) si considera que el tratamiento no se ajusta a la normativa vigente.<\/p>\n<p><b>8. INFORMACI\u00d3N LEGAL<\/b><\/p>\n<p>Los requisitos de esta Pol\u00edtica complementan, y no reemplazan, cualquier otro requisito existente bajo la ley de protecci\u00f3n de datos aplicable, que ser\u00e1 la que prevalezca en cualquier caso.<br>Esta Pol\u00edtica est\u00e1 sujeta a revisiones peri\u00f3dicas y la empresa puede modificarla en cualquier momento. Cuando esto ocurra, le avisaremos de cualquier cambio y le pediremos que vuelva a leer la versi\u00f3n m\u00e1s reciente de nuestra Pol\u00edtica y que confirme su aceptaci\u00f3n.<\/p>\t\t\t\t\t\t\t\t<\/div>\n\t\t\t\t<\/div>\n\t\t\t\t\t<\/div>\n\t\t<\/div>\n\t\t\t\t\t<\/div>\n\t\t<\/section>\n\t\t\t\t<\/div>\n\t\t","protected":false},"excerpt":{"rendered":"<p>\u00daltima actualizaci\u00f3n: enero 2025. 1. INFORMACI\u00d3N AL USUARIO Pe Seis Plus S.L., como responsable del Tratamiento, le informa que, seg\u00fan lo dispuesto en el Reglamento (UE) 2016\/679, de 27 de abril, (RGPD) y en la L.O. 3\/2018, de 5 de diciembre, de protecci\u00f3n de datos y garant\u00eda de los derechos digitales (LOPDGDD), trataremos sus datos &#8230; <a title=\"Pol\u00edtica de privacidad\" class=\"read-more\" href=\"https:\/\/centrededialalluna.com\/es_es\/politica-de-privacidad\/\" aria-label=\"Leer m\u00e1s sobre Pol\u00edtica de privacidad\">Leer m\u00e1s<\/a><\/p>\n","protected":false},"author":1,"featured_media":21040,"parent":0,"menu_order":7,"comment_status":"closed","ping_status":"closed","template":"","meta":{"inline_featured_image":false,"footnotes":""},"class_list":["post-20937","page","type-page","status-publish","has-post-thumbnail"],"yoast_head":"<!-- This site is optimized with the Yoast SEO plugin v27.3 - https:\/\/yoast.com\/product\/yoast-seo-wordpress\/ -->\n<title>Pol\u00edtica de privacidad | La Lluna<\/title>\n<meta name=\"robots\" content=\"noindex, follow\" \/>\n<meta property=\"og:locale\" content=\"es_ES\" \/>\n<meta property=\"og:type\" content=\"article\" \/>\n<meta property=\"og:title\" content=\"Pol\u00edtica de privacidad | La Lluna\" \/>\n<meta property=\"og:description\" content=\"\u00daltima actualizaci\u00f3n: enero 2025. 1. INFORMACI\u00d3N AL USUARIO Pe Seis Plus S.L., como responsable del Tratamiento, le informa que, seg\u00fan lo dispuesto en el Reglamento (UE) 2016\/679, de 27 de abril, (RGPD) y en la L.O. 3\/2018, de 5 de diciembre, de protecci\u00f3n de datos y garant\u00eda de los derechos digitales (LOPDGDD), trataremos sus datos ... Leer m\u00e1s\" \/>\n<meta property=\"og:url\" content=\"https:\/\/centrededialalluna.com\/es_es\/politica-de-privacidad\/\" \/>\n<meta property=\"og:site_name\" content=\"La Lluna\" \/>\n<meta property=\"article:modified_time\" content=\"2025-04-05T21:32:19+00:00\" \/>\n<meta property=\"og:image\" content=\"https:\/\/centrededialalluna.com\/wp-content\/uploads\/2022\/01\/Documentos-scaled.jpg\" \/>\n\t<meta property=\"og:image:width\" content=\"2560\" \/>\n\t<meta property=\"og:image:height\" content=\"1707\" \/>\n\t<meta property=\"og:image:type\" content=\"image\/jpeg\" \/>\n<meta name=\"twitter:card\" content=\"summary_large_image\" \/>\n<meta name=\"twitter:label1\" content=\"Tiempo de lectura\" \/>\n\t<meta name=\"twitter:data1\" content=\"5 minutos\" \/>\n<script type=\"application\/ld+json\" class=\"yoast-schema-graph\">{\"@context\":\"https:\\\/\\\/schema.org\",\"@graph\":[{\"@type\":\"WebPage\",\"@id\":\"https:\\\/\\\/centrededialalluna.com\\\/politica-de-privacidad\\\/\",\"url\":\"https:\\\/\\\/centrededialalluna.com\\\/politica-de-privacidad\\\/\",\"name\":\"Pol\u00edtica de privacidad | La Lluna\",\"isPartOf\":{\"@id\":\"https:\\\/\\\/centrededialalluna.com\\\/#website\"},\"primaryImageOfPage\":{\"@id\":\"https:\\\/\\\/centrededialalluna.com\\\/politica-de-privacidad\\\/#primaryimage\"},\"image\":{\"@id\":\"https:\\\/\\\/centrededialalluna.com\\\/politica-de-privacidad\\\/#primaryimage\"},\"thumbnailUrl\":\"https:\\\/\\\/centrededialalluna.com\\\/wp-content\\\/uploads\\\/2022\\\/01\\\/Documentos-scaled.jpg\",\"datePublished\":\"2022-01-11T16:20:29+00:00\",\"dateModified\":\"2025-04-05T21:32:19+00:00\",\"breadcrumb\":{\"@id\":\"https:\\\/\\\/centrededialalluna.com\\\/politica-de-privacidad\\\/#breadcrumb\"},\"inLanguage\":\"es\",\"potentialAction\":[{\"@type\":\"ReadAction\",\"target\":[\"https:\\\/\\\/centrededialalluna.com\\\/politica-de-privacidad\\\/\"]}]},{\"@type\":\"ImageObject\",\"inLanguage\":\"es\",\"@id\":\"https:\\\/\\\/centrededialalluna.com\\\/politica-de-privacidad\\\/#primaryimage\",\"url\":\"https:\\\/\\\/centrededialalluna.com\\\/wp-content\\\/uploads\\\/2022\\\/01\\\/Documentos-scaled.jpg\",\"contentUrl\":\"https:\\\/\\\/centrededialalluna.com\\\/wp-content\\\/uploads\\\/2022\\\/01\\\/Documentos-scaled.jpg\",\"width\":2560,\"height\":1707},{\"@type\":\"BreadcrumbList\",\"@id\":\"https:\\\/\\\/centrededialalluna.com\\\/politica-de-privacidad\\\/#breadcrumb\",\"itemListElement\":[{\"@type\":\"ListItem\",\"position\":1,\"name\":\"Portada\",\"item\":\"https:\\\/\\\/centrededialalluna.com\\\/\"},{\"@type\":\"ListItem\",\"position\":2,\"name\":\"Pol\u00edtica de privacidad\"}]},{\"@type\":\"WebSite\",\"@id\":\"https:\\\/\\\/centrededialalluna.com\\\/#website\",\"url\":\"https:\\\/\\\/centrededialalluna.com\\\/\",\"name\":\"La Lluna\",\"description\":\"Centre de dia per a gent gran\",\"publisher\":{\"@id\":\"https:\\\/\\\/centrededialalluna.com\\\/#organization\"},\"potentialAction\":[{\"@type\":\"SearchAction\",\"target\":{\"@type\":\"EntryPoint\",\"urlTemplate\":\"https:\\\/\\\/centrededialalluna.com\\\/?s={search_term_string}\"},\"query-input\":{\"@type\":\"PropertyValueSpecification\",\"valueRequired\":true,\"valueName\":\"search_term_string\"}}],\"inLanguage\":\"es\"},{\"@type\":\"Organization\",\"@id\":\"https:\\\/\\\/centrededialalluna.com\\\/#organization\",\"name\":\"La Lluna\",\"url\":\"https:\\\/\\\/centrededialalluna.com\\\/\",\"logo\":{\"@type\":\"ImageObject\",\"inLanguage\":\"es\",\"@id\":\"https:\\\/\\\/centrededialalluna.com\\\/#\\\/schema\\\/logo\\\/image\\\/\",\"url\":\"https:\\\/\\\/centrededialalluna.com\\\/wp-content\\\/uploads\\\/2022\\\/02\\\/LaLluna-Logo-RGB-Horizontal-Color-10-1.svg\",\"contentUrl\":\"https:\\\/\\\/centrededialalluna.com\\\/wp-content\\\/uploads\\\/2022\\\/02\\\/LaLluna-Logo-RGB-Horizontal-Color-10-1.svg\",\"width\":192,\"height\":40,\"caption\":\"La Lluna\"},\"image\":{\"@id\":\"https:\\\/\\\/centrededialalluna.com\\\/#\\\/schema\\\/logo\\\/image\\\/\"}}]}<\/script>\n<!-- \/ Yoast SEO plugin. -->","yoast_head_json":{"title":"Pol\u00edtica de privacidad | La Lluna","robots":{"index":"noindex","follow":"follow"},"og_locale":"es_ES","og_type":"article","og_title":"Pol\u00edtica de privacidad | La Lluna","og_description":"\u00daltima actualizaci\u00f3n: enero 2025. 1. INFORMACI\u00d3N AL USUARIO Pe Seis Plus S.L., como responsable del Tratamiento, le informa que, seg\u00fan lo dispuesto en el Reglamento (UE) 2016\/679, de 27 de abril, (RGPD) y en la L.O. 3\/2018, de 5 de diciembre, de protecci\u00f3n de datos y garant\u00eda de los derechos digitales (LOPDGDD), trataremos sus datos ... Leer m\u00e1s","og_url":"https:\/\/centrededialalluna.com\/es_es\/politica-de-privacidad\/","og_site_name":"La Lluna","article_modified_time":"2025-04-05T21:32:19+00:00","og_image":[{"width":2560,"height":1707,"url":"https:\/\/centrededialalluna.com\/wp-content\/uploads\/2022\/01\/Documentos-scaled.jpg","type":"image\/jpeg"}],"twitter_card":"summary_large_image","twitter_misc":{"Tiempo de lectura":"5 minutos"},"schema":{"@context":"https:\/\/schema.org","@graph":[{"@type":"WebPage","@id":"https:\/\/centrededialalluna.com\/politica-de-privacidad\/","url":"https:\/\/centrededialalluna.com\/politica-de-privacidad\/","name":"Pol\u00edtica de privacidad | La Lluna","isPartOf":{"@id":"https:\/\/centrededialalluna.com\/#website"},"primaryImageOfPage":{"@id":"https:\/\/centrededialalluna.com\/politica-de-privacidad\/#primaryimage"},"image":{"@id":"https:\/\/centrededialalluna.com\/politica-de-privacidad\/#primaryimage"},"thumbnailUrl":"https:\/\/centrededialalluna.com\/wp-content\/uploads\/2022\/01\/Documentos-scaled.jpg","datePublished":"2022-01-11T16:20:29+00:00","dateModified":"2025-04-05T21:32:19+00:00","breadcrumb":{"@id":"https:\/\/centrededialalluna.com\/politica-de-privacidad\/#breadcrumb"},"inLanguage":"es","potentialAction":[{"@type":"ReadAction","target":["https:\/\/centrededialalluna.com\/politica-de-privacidad\/"]}]},{"@type":"ImageObject","inLanguage":"es","@id":"https:\/\/centrededialalluna.com\/politica-de-privacidad\/#primaryimage","url":"https:\/\/centrededialalluna.com\/wp-content\/uploads\/2022\/01\/Documentos-scaled.jpg","contentUrl":"https:\/\/centrededialalluna.com\/wp-content\/uploads\/2022\/01\/Documentos-scaled.jpg","width":2560,"height":1707},{"@type":"BreadcrumbList","@id":"https:\/\/centrededialalluna.com\/politica-de-privacidad\/#breadcrumb","itemListElement":[{"@type":"ListItem","position":1,"name":"Portada","item":"https:\/\/centrededialalluna.com\/"},{"@type":"ListItem","position":2,"name":"Pol\u00edtica de privacidad"}]},{"@type":"WebSite","@id":"https:\/\/centrededialalluna.com\/#website","url":"https:\/\/centrededialalluna.com\/","name":"La Lluna","description":"Centre de dia per a gent gran","publisher":{"@id":"https:\/\/centrededialalluna.com\/#organization"},"potentialAction":[{"@type":"SearchAction","target":{"@type":"EntryPoint","urlTemplate":"https:\/\/centrededialalluna.com\/?s={search_term_string}"},"query-input":{"@type":"PropertyValueSpecification","valueRequired":true,"valueName":"search_term_string"}}],"inLanguage":"es"},{"@type":"Organization","@id":"https:\/\/centrededialalluna.com\/#organization","name":"La Lluna","url":"https:\/\/centrededialalluna.com\/","logo":{"@type":"ImageObject","inLanguage":"es","@id":"https:\/\/centrededialalluna.com\/#\/schema\/logo\/image\/","url":"https:\/\/centrededialalluna.com\/wp-content\/uploads\/2022\/02\/LaLluna-Logo-RGB-Horizontal-Color-10-1.svg","contentUrl":"https:\/\/centrededialalluna.com\/wp-content\/uploads\/2022\/02\/LaLluna-Logo-RGB-Horizontal-Color-10-1.svg","width":192,"height":40,"caption":"La Lluna"},"image":{"@id":"https:\/\/centrededialalluna.com\/#\/schema\/logo\/image\/"}}]}},"_links":{"self":[{"href":"https:\/\/centrededialalluna.com\/es_es\/wp-json\/wp\/v2\/pages\/20937","targetHints":{"allow":["GET"]}}],"collection":[{"href":"https:\/\/centrededialalluna.com\/es_es\/wp-json\/wp\/v2\/pages"}],"about":[{"href":"https:\/\/centrededialalluna.com\/es_es\/wp-json\/wp\/v2\/types\/page"}],"author":[{"embeddable":true,"href":"https:\/\/centrededialalluna.com\/es_es\/wp-json\/wp\/v2\/users\/1"}],"replies":[{"embeddable":true,"href":"https:\/\/centrededialalluna.com\/es_es\/wp-json\/wp\/v2\/comments?post=20937"}],"version-history":[{"count":6,"href":"https:\/\/centrededialalluna.com\/es_es\/wp-json\/wp\/v2\/pages\/20937\/revisions"}],"predecessor-version":[{"id":22066,"href":"https:\/\/centrededialalluna.com\/es_es\/wp-json\/wp\/v2\/pages\/20937\/revisions\/22066"}],"wp:featuredmedia":[{"embeddable":true,"href":"https:\/\/centrededialalluna.com\/es_es\/wp-json\/wp\/v2\/media\/21040"}],"wp:attachment":[{"href":"https:\/\/centrededialalluna.com\/es_es\/wp-json\/wp\/v2\/media?parent=20937"}],"curies":[{"name":"wp","href":"https:\/\/api.w.org\/{rel}","templated":true}]}}