{"id":19131,"date":"2021-11-18T09:15:25","date_gmt":"2021-11-18T09:15:25","guid":{"rendered":"https:\/\/centrededialalluna.com\/?page_id=19131"},"modified":"2024-07-15T10:36:02","modified_gmt":"2024-07-15T10:36:02","slug":"contacto","status":"publish","type":"page","link":"https:\/\/centrededialalluna.com\/es_es\/contacto\/","title":{"rendered":"Contacta con nosotr@s"},"content":{"rendered":"\t\t<div data-elementor-type=\"wp-page\" data-elementor-id=\"19131\" class=\"elementor elementor-19131\">\n\t\t\t\t\t\t<section class=\"elementor-section elementor-top-section elementor-element elementor-element-f6749f2 elementor-section-boxed elementor-section-height-default elementor-section-height-default\" data-id=\"f6749f2\" data-element_type=\"section\" data-e-type=\"section\">\n\t\t\t\t\t\t<div class=\"elementor-container elementor-column-gap-default\">\n\t\t\t\t\t<div class=\"elementor-column elementor-col-50 elementor-top-column elementor-element elementor-element-1450d99\" data-id=\"1450d99\" data-element_type=\"column\" data-e-type=\"column\" data-settings=\"{&quot;background_background&quot;:&quot;classic&quot;}\">\n\t\t\t<div class=\"elementor-widget-wrap elementor-element-populated\">\n\t\t\t\t\t\t<div class=\"elementor-element elementor-element-dc77feb elementor-widget elementor-widget-heading\" data-id=\"dc77feb\" data-element_type=\"widget\" data-e-type=\"widget\" data-widget_type=\"heading.default\">\n\t\t\t\t<div class=\"elementor-widget-container\">\n\t\t\t\t\t<h2 class=\"elementor-heading-title elementor-size-default\">\u00bfTienes preguntas?<\/h2>\t\t\t\t<\/div>\n\t\t\t\t<\/div>\n\t\t\t\t<div class=\"elementor-element elementor-element-f2b61de elementor-widget elementor-widget-text-editor\" data-id=\"f2b61de\" data-element_type=\"widget\" data-e-type=\"widget\" data-widget_type=\"text-editor.default\">\n\t\t\t\t<div class=\"elementor-widget-container\">\n\t\t\t\t\t\t\t\t\t<p>Ll\u00e1manos o ponte en contacto a trav\u00e9s de este formulario si tienes alguna pregunta sobre el centro o nuestros servicios.<\/p>\t\t\t\t\t\t\t\t<\/div>\n\t\t\t\t<\/div>\n\t\t\t\t<div class=\"elementor-element elementor-element-b549d6b elementor-position-inline-start elementor-view-default elementor-mobile-position-block-start elementor-widget elementor-widget-icon-box\" data-id=\"b549d6b\" data-element_type=\"widget\" data-e-type=\"widget\" data-widget_type=\"icon-box.default\">\n\t\t\t\t<div class=\"elementor-widget-container\">\n\t\t\t\t\t\t\t<div class=\"elementor-icon-box-wrapper\">\n\n\t\t\t\t\t\t<div class=\"elementor-icon-box-icon\">\n\t\t\t\t<span  class=\"elementor-icon\">\n\t\t\t\t<i aria-hidden=\"true\" class=\"fas fa-map-marker-alt\"><\/i>\t\t\t\t<\/span>\n\t\t\t<\/div>\n\t\t\t\n\t\t\t\t\t\t<div class=\"elementor-icon-box-content\">\n\n\t\t\t\t\t\t\t\t\t<h3 class=\"elementor-icon-box-title\">\n\t\t\t\t\t\t<span  >\n\t\t\t\t\t\t\tLocal\t\t\t\t\t\t<\/span>\n\t\t\t\t\t<\/h3>\n\t\t\t\t\n\t\t\t\t\t\t\t\t\t<p class=\"elementor-icon-box-description\">\n\t\t\t\t\t\tPlaza Teresa Valls i Div\u00ed 12,\n08830, Sant Boi de Llobregat, Barcelona\t\t\t\t\t<\/p>\n\t\t\t\t\n\t\t\t<\/div>\n\t\t\t\n\t\t<\/div>\n\t\t\t\t\t\t<\/div>\n\t\t\t\t<\/div>\n\t\t\t\t<div class=\"elementor-element elementor-element-e442052 elementor-position-inline-start elementor-view-default elementor-mobile-position-block-start elementor-widget elementor-widget-icon-box\" data-id=\"e442052\" data-element_type=\"widget\" data-e-type=\"widget\" data-widget_type=\"icon-box.default\">\n\t\t\t\t<div class=\"elementor-widget-container\">\n\t\t\t\t\t\t\t<div class=\"elementor-icon-box-wrapper\">\n\n\t\t\t\t\t\t<div class=\"elementor-icon-box-icon\">\n\t\t\t\t<span  class=\"elementor-icon\">\n\t\t\t\t<i aria-hidden=\"true\" class=\"far fa-envelope\"><\/i>\t\t\t\t<\/span>\n\t\t\t<\/div>\n\t\t\t\n\t\t\t\t\t\t<div class=\"elementor-icon-box-content\">\n\n\t\t\t\t\t\t\t\t\t<h3 class=\"elementor-icon-box-title\">\n\t\t\t\t\t\t<span  >\n\t\t\t\t\t\t\tEmail\t\t\t\t\t\t<\/span>\n\t\t\t\t\t<\/h3>\n\t\t\t\t\n\t\t\t\t\t\t\t\t\t<p class=\"elementor-icon-box-description\">\n\t\t\t\t\t\tinfo@centrededialalluna.com\t\t\t\t\t<\/p>\n\t\t\t\t\n\t\t\t<\/div>\n\t\t\t\n\t\t<\/div>\n\t\t\t\t\t\t<\/div>\n\t\t\t\t<\/div>\n\t\t\t\t<div class=\"elementor-element elementor-element-7ea1dd6 elementor-position-inline-start elementor-view-default elementor-mobile-position-block-start elementor-widget elementor-widget-icon-box\" data-id=\"7ea1dd6\" data-element_type=\"widget\" data-e-type=\"widget\" data-widget_type=\"icon-box.default\">\n\t\t\t\t<div class=\"elementor-widget-container\">\n\t\t\t\t\t\t\t<div class=\"elementor-icon-box-wrapper\">\n\n\t\t\t\t\t\t<div class=\"elementor-icon-box-icon\">\n\t\t\t\t<span  class=\"elementor-icon\">\n\t\t\t\t<i aria-hidden=\"true\" class=\"fas fa-phone-volume\"><\/i>\t\t\t\t<\/span>\n\t\t\t<\/div>\n\t\t\t\n\t\t\t\t\t\t<div class=\"elementor-icon-box-content\">\n\n\t\t\t\t\t\t\t\t\t<h3 class=\"elementor-icon-box-title\">\n\t\t\t\t\t\t<span  >\n\t\t\t\t\t\t\tTel.\t\t\t\t\t\t<\/span>\n\t\t\t\t\t<\/h3>\n\t\t\t\t\n\t\t\t\t\t\t\t\t\t<p class=\"elementor-icon-box-description\">\n\t\t\t\t\t\t936 52 72 22\t\t\t\t\t<\/p>\n\t\t\t\t\n\t\t\t<\/div>\n\t\t\t\n\t\t<\/div>\n\t\t\t\t\t\t<\/div>\n\t\t\t\t<\/div>\n\t\t\t\t<div class=\"elementor-element elementor-element-aa749e8 elementor-position-inline-start elementor-view-default elementor-mobile-position-block-start elementor-widget elementor-widget-icon-box\" data-id=\"aa749e8\" data-element_type=\"widget\" data-e-type=\"widget\" data-widget_type=\"icon-box.default\">\n\t\t\t\t<div class=\"elementor-widget-container\">\n\t\t\t\t\t\t\t<div class=\"elementor-icon-box-wrapper\">\n\n\t\t\t\t\t\t<div class=\"elementor-icon-box-icon\">\n\t\t\t\t<span  class=\"elementor-icon\">\n\t\t\t\t<i aria-hidden=\"true\" class=\"far fa-clock\"><\/i>\t\t\t\t<\/span>\n\t\t\t<\/div>\n\t\t\t\n\t\t\t\t\t\t<div class=\"elementor-icon-box-content\">\n\n\t\t\t\t\t\t\t\t\t<h3 class=\"elementor-icon-box-title\">\n\t\t\t\t\t\t<span  >\n\t\t\t\t\t\t\tHorario\t\t\t\t\t\t<\/span>\n\t\t\t\t\t<\/h3>\n\t\t\t\t\n\t\t\t\t\t\t\t\t\t<p class=\"elementor-icon-box-description\">\n\t\t\t\t\t\tLunes-Viernes 8.00h - 18.00h\t\t\t\t\t<\/p>\n\t\t\t\t\n\t\t\t<\/div>\n\t\t\t\n\t\t<\/div>\n\t\t\t\t\t\t<\/div>\n\t\t\t\t<\/div>\n\t\t\t\t\t<\/div>\n\t\t<\/div>\n\t\t\t\t<div class=\"elementor-column elementor-col-50 elementor-top-column elementor-element elementor-element-c5a9fc7\" data-id=\"c5a9fc7\" data-element_type=\"column\" data-e-type=\"column\" data-settings=\"{&quot;background_background&quot;:&quot;classic&quot;}\">\n\t\t\t<div class=\"elementor-widget-wrap elementor-element-populated\">\n\t\t\t\t\t\t<div class=\"elementor-element elementor-element-e0f905d elementor-widget elementor-widget-spacer\" data-id=\"e0f905d\" data-element_type=\"widget\" data-e-type=\"widget\" data-widget_type=\"spacer.default\">\n\t\t\t\t<div class=\"elementor-widget-container\">\n\t\t\t\t\t\t\t<div class=\"elementor-spacer\">\n\t\t\t<div class=\"elementor-spacer-inner\"><\/div>\n\t\t<\/div>\n\t\t\t\t\t\t<\/div>\n\t\t\t\t<\/div>\n\t\t\t\t<div class=\"elementor-element elementor-element-dcad0ca elementor-widget elementor-widget-formidable\" data-id=\"dcad0ca\" data-element_type=\"widget\" data-e-type=\"widget\" data-widget_type=\"formidable.default\">\n\t\t\t\t<div class=\"elementor-widget-container\">\n\t\t\t\t\t<div class=\"frm_forms  with_frm_style frm_style_estilos-formidable\" id=\"frm_form_3_container\" data-token=\"e8215195eda90819c7a863f29092ab95\">\n<form enctype=\"multipart\/form-data\" method=\"post\" class=\"frm-show-form \" id=\"form_contacto\" data-token=\"e8215195eda90819c7a863f29092ab95\">\n<div class=\"frm_form_fields \">\n<fieldset>\n<legend class=\"frm_screen_reader\">contacto<\/legend>\r\n\r\n<div class=\"frm_fields_container\">\n<input type=\"hidden\" name=\"frm_action\" value=\"create\" \/>\n<input type=\"hidden\" name=\"form_id\" value=\"3\" \/>\n<input type=\"hidden\" name=\"frm_hide_fields_3\" id=\"frm_hide_fields_3\" value=\"\" \/>\n<input type=\"hidden\" name=\"form_key\" value=\"contacto\" \/>\n<input type=\"hidden\" name=\"item_meta[0]\" value=\"\" \/>\n<input type=\"hidden\" id=\"frm_submit_entry_3\" name=\"frm_submit_entry_3\" value=\"25144f6bc7\" \/><input type=\"hidden\" name=\"_wp_http_referer\" value=\"\/es_es\/wp-json\/wp\/v2\/pages\/19131\" \/><div id=\"frm_field_9_container\" class=\"frm_form_field form-field  frm_required_field frm_top_container\">\r\n    <div  id=\"field_h33kf_label\" class=\"frm_primary_label\">Nombre y apellidos\r\n        <span class=\"frm_required\" aria-hidden=\"true\">*<\/span>\r\n    <\/div>\r\n    <fieldset aria-labelledby=\"field_h33kf_label\">\n\t<legend class=\"frm_screen_reader frm_hidden\">\n\t\tNombre y apellidos\t<\/legend>\n\n\t<div  class=\"frm_combo_inputs_container\" id=\"frm_combo_inputs_container_9\" data-name-layout=\"first_last\">\n\t\t\t\t\t<div\n\t\t\t\tid=\"frm_field_9-first_container\"\n\t\t\t\tclass=\"frm_form_field form-field frm_form_subfield-first  frm6\"\n\t\t\t\tdata-sub-field-name=\"first\"\n\t\t\t>\n\t\t\t\t<label for=\"field_h33kf_first\" class=\"frm_screen_reader frm_hidden\">\n\t\t\t\t\tNombre y apellidos\t\t\t\t<\/label>\n\n\t\t\t\t<input  type=\"text\" id=\"field_h33kf_first\" value=\"\" name=\"item_meta[9][first]\" autocomplete=\"given-name\" data-reqmsg=\"Este campo no puede estar en blanco.\" aria-required=\"true\" data-invmsg=\"Nombre y apellidos no es v\u00e1lido\" aria-invalid=\"false\"  \/>\t\t\t<\/div>\n\t\t\t\t\t\t<div\n\t\t\t\tid=\"frm_field_9-last_container\"\n\t\t\t\tclass=\"frm_form_field form-field frm_form_subfield-last  frm6\"\n\t\t\t\tdata-sub-field-name=\"last\"\n\t\t\t>\n\t\t\t\t<label for=\"field_h33kf_last\" class=\"frm_screen_reader frm_hidden\">\n\t\t\t\t\tNombre y apellidos\t\t\t\t<\/label>\n\n\t\t\t\t<input  type=\"text\" id=\"field_h33kf_last\" value=\"\" name=\"item_meta[9][last]\" autocomplete=\"family-name\" data-reqmsg=\"Este campo no puede estar en blanco.\" aria-required=\"true\" data-invmsg=\"Nombre y apellidos no es v\u00e1lido\" aria-invalid=\"false\"  \/>\t\t\t<\/div>\n\t\t\t\t<\/div>\n<\/fieldset>\n\r\n    \r\n    \r\n<\/div>\n<div id=\"frm_field_17_container\" class=\"frm_form_field form-field  frm_top_container frm6 frm_first\">\r\n\t<label for=\"field_6m15d\" id=\"field_6m15d_label\" class=\"frm_primary_label\">Correo eletr\u00f3nico\r\n\t\t<span class=\"frm_required\" aria-hidden=\"true\"><\/span>\r\n\t<\/label>\r\n\t<input type=\"email\" id=\"field_6m15d\" name=\"item_meta[17]\" value=\"\"  data-invmsg=\"Correo eletr\u00f3nico no es v\u00e1lido\" aria-invalid=\"false\"  \/>\r\n\t\r\n\t\r\n<\/div>\n<div id=\"frm_field_10_container\" class=\"frm_form_field form-field  frm_top_container frm6\">\r\n    <label for=\"field_9qhwn\" id=\"field_9qhwn_label\" class=\"frm_primary_label\">Tel\u00e9fono\r\n        <span class=\"frm_required\" aria-hidden=\"true\"><\/span>\r\n    <\/label>\r\n    <input type=\"tel\" id=\"field_9qhwn\" name=\"item_meta[10]\" value=\"\"  data-invmsg=\"Tel\u00e9fono no es v\u00e1lido\" aria-invalid=\"false\" pattern=\"((\\+\\d{1,3}(-|.| )?\\(?\\d\\)?(-| |.)?\\d{1,5})|(\\(?\\d{2,6}\\)?))(-|.| )?(\\d{3,4})(-|.| )?(\\d{4})(( x| ext)\\d{1,5}){0,1}$\"  \/>\r\n    \r\n    \r\n<\/div>\n<div id=\"frm_field_11_container\" class=\"frm_form_field form-field  frm_required_field frm_top_container frm12 frm_first\">\r\n    <label for=\"field_9v1t9\" id=\"field_9v1t9_label\" class=\"frm_primary_label\">Asunto\r\n        <span class=\"frm_required\" aria-hidden=\"true\">*<\/span>\r\n    <\/label>\r\n    <input type=\"text\" id=\"field_9v1t9\" name=\"item_meta[11]\" value=\"\"  data-reqmsg=\"Este campo no puede estar en blanco.\" aria-required=\"true\" data-invmsg=\"Asunto no es v\u00e1lido\" aria-invalid=\"false\"  \/>\r\n    \r\n    \r\n<\/div>\n<div id=\"frm_field_12_container\" class=\"frm_form_field form-field  frm_required_field frm_top_container\">\r\n    <label for=\"field_xbak\" id=\"field_xbak_label\" class=\"frm_primary_label\">\u00a1D\u00e9janos tu mensaje!\r\n        <span class=\"frm_required\" aria-hidden=\"true\">*<\/span>\r\n    <\/label>\r\n    <textarea name=\"item_meta[12]\" id=\"field_xbak\" rows=\"5\"  data-reqmsg=\"Este campo no puede estar en blanco.\" aria-required=\"true\" data-invmsg=\"\u00a1D\u00e9janos tu mensaje! no es v\u00e1lido\" aria-invalid=\"false\"  ><\/textarea>\r\n    \r\n    \r\n<\/div>\n<div id=\"frm_field_13_container\" class=\"frm_form_field form-field  frm_required_field frm_none_container vertical_radio\">\r\n    <div  id=\"field_wifer_label\" class=\"frm_primary_label\">\r\n        <span class=\"frm_required\" aria-hidden=\"true\">*<\/span>\r\n    <\/div>\r\n    <div class=\"frm_opt_container\" aria-labelledby=\"field_wifer_label\" role=\"group\">\t\t<div class=\"frm_checkbox\" id=\"frm_checkbox_13-0\">\t\t\t<label  for=\"field_wifer-0\">\n\t\t\t<input type=\"checkbox\" name=\"item_meta[13][]\" id=\"field_wifer-0\" value=\"He le\u00eddo y acepto la &lt;a href=&quot;https:\/\/centrededialalluna.com\/es_es\/politica-de-privacidad&quot;&gt;pol\u00edtica de privacidad*&lt;\/a&gt;\"  data-reqmsg=\"Este campo no puede estar en blanco.\" data-invmsg=\"Este campo no es v\u00e1lido\"   aria-required=\"true\"  \/> He le\u00eddo y acepto la <a href=\"https:\/\/centrededialalluna.com\/es_es\/politica-de-privacidad\">pol\u00edtica de privacidad*<\/a><\/label><\/div>\n<\/div>\r\n    \r\n    \r\n<\/div>\n<div id=\"frm_field_16_container\" class=\"frm_form_field form-field  frm_none_container\">\r\n\t<label for=\"g-recaptcha-response\" id=\"field_et4sc_label\" class=\"frm_primary_label\">Captcha\r\n\t\t<span class=\"frm_required\" aria-hidden=\"true\"><\/span>\r\n\t<\/label>\r\n\t<div  id=\"field_et4sc\" class=\"frm-g-recaptcha\" data-sitekey=\"6Lf_eHkeAAAAAMwUJ0zh5V9v0tMRdNNLXIoQBgKs\" data-size=\"invisible\" data-theme=\"light\"><\/div>\r\n\t\r\n\t\r\n<\/div>\n<div id=\"frm_field_15_container\" class=\"frm_form_field form-field \">\r\n\t<div class=\"frm_submit frm_flex\">\r\n<button class=\"frm_button_submit\" type=\"submit\"  >Enviar<\/button>\r\n\r\n\r\n\r\n<\/div>\r\n<\/div>\n\t<input type=\"hidden\" name=\"item_key\" value=\"\" \/>\n\t\t\t<div id=\"frm_field_18_container\">\n\t\t\t<label for=\"field_n0p6s\" >\n\t\t\t\tSi eres humano, deja este campo en blanco.\t\t\t<\/label>\n\t\t\t<input  id=\"field_n0p6s\" type=\"text\" class=\"frm_form_field form-field frm_verify\" name=\"item_meta[18]\" value=\"\"  \/>\n\t\t<\/div>\n\t\t<input name=\"frm_state\" type=\"hidden\" value=\"XpHQu3VBwQNKusiElGeuKdnD5PtVKqmHRQsxWCC7wQ4=\" \/><\/div>\n<\/fieldset>\n<\/div>\n\n<\/form>\n<\/div>\n\t\t\t\t<\/div>\n\t\t\t\t<\/div>\n\t\t\t\t\t<\/div>\n\t\t<\/div>\n\t\t\t\t\t<\/div>\n\t\t<\/section>\n\t\t\t\t<\/div>\n\t\t","protected":false},"excerpt":{"rendered":"<p>\u00bfTienes preguntas? Ll\u00e1manos o ponte en contacto a trav\u00e9s de este formulario si tienes alguna pregunta sobre el centro o nuestros servicios. Local Plaza Teresa Valls i Div\u00ed 12, 08830, Sant Boi de Llobregat, Barcelona Email info@centrededialalluna.com Tel. 936 52 72 22 Horario Lunes-Viernes 8.00h &#8211; 18.00h contacto Nombre y apellidos * Nombre y apellidos &#8230; <a title=\"Contacta con nosotr@s\" class=\"read-more\" href=\"https:\/\/centrededialalluna.com\/es_es\/contacto\/\" aria-label=\"Leer m\u00e1s sobre Contacta con nosotr@s\">Leer m\u00e1s<\/a><\/p>\n","protected":false},"author":1,"featured_media":20381,"parent":0,"menu_order":6,"comment_status":"closed","ping_status":"closed","template":"","meta":{"inline_featured_image":false,"footnotes":""},"class_list":["post-19131","page","type-page","status-publish","has-post-thumbnail"],"yoast_head":"<!-- This site is optimized with the Yoast SEO plugin v27.3 - https:\/\/yoast.com\/product\/yoast-seo-wordpress\/ -->\n<title>Contacta con nosotr@s | La Lluna<\/title>\n<meta name=\"description\" content=\"Plaza Teresa Valls i Div\u00ed 3, 08830, Sant Boi de Llobregat \u00b7 info@centrededialalluna.com \u00b7 936 52 72 22 \u00b7 Lunes-Viernes 8.00h - 18.00h\" \/>\n<meta name=\"robots\" content=\"index, follow, max-snippet:-1, max-image-preview:large, max-video-preview:-1\" \/>\n<link rel=\"canonical\" href=\"https:\/\/centrededialalluna.com\/es_es\/contacto\/\" \/>\n<meta property=\"og:locale\" content=\"es_ES\" \/>\n<meta property=\"og:type\" content=\"article\" \/>\n<meta property=\"og:title\" content=\"Contacta con nosotr@s | La Lluna\" \/>\n<meta property=\"og:description\" content=\"Plaza Teresa Valls i Div\u00ed 3, 08830, Sant Boi de Llobregat \u00b7 info@centrededialalluna.com \u00b7 936 52 72 22 \u00b7 Lunes-Viernes 8.00h - 18.00h\" \/>\n<meta property=\"og:url\" content=\"https:\/\/centrededialalluna.com\/es_es\/contacto\/\" \/>\n<meta property=\"og:site_name\" content=\"La Lluna\" \/>\n<meta property=\"article:modified_time\" content=\"2024-07-15T10:36:02+00:00\" \/>\n<meta property=\"og:image\" content=\"https:\/\/centrededialalluna.com\/wp-content\/uploads\/2021\/12\/Contacte_Lluna.jpg\" \/>\n\t<meta property=\"og:image:width\" content=\"1785\" \/>\n\t<meta property=\"og:image:height\" content=\"687\" \/>\n\t<meta property=\"og:image:type\" content=\"image\/jpeg\" \/>\n<meta name=\"twitter:card\" content=\"summary_large_image\" \/>\n<meta name=\"twitter:label1\" content=\"Tiempo de lectura\" \/>\n\t<meta name=\"twitter:data1\" content=\"1 minuto\" \/>\n<script type=\"application\/ld+json\" class=\"yoast-schema-graph\">{\"@context\":\"https:\\\/\\\/schema.org\",\"@graph\":[{\"@type\":\"WebPage\",\"@id\":\"https:\\\/\\\/centrededialalluna.com\\\/contacto\\\/\",\"url\":\"https:\\\/\\\/centrededialalluna.com\\\/contacto\\\/\",\"name\":\"Contacta con nosotr@s | La Lluna\",\"isPartOf\":{\"@id\":\"https:\\\/\\\/centrededialalluna.com\\\/#website\"},\"primaryImageOfPage\":{\"@id\":\"https:\\\/\\\/centrededialalluna.com\\\/contacto\\\/#primaryimage\"},\"image\":{\"@id\":\"https:\\\/\\\/centrededialalluna.com\\\/contacto\\\/#primaryimage\"},\"thumbnailUrl\":\"https:\\\/\\\/centrededialalluna.com\\\/wp-content\\\/uploads\\\/2021\\\/12\\\/Contacte_Lluna.jpg\",\"datePublished\":\"2021-11-18T09:15:25+00:00\",\"dateModified\":\"2024-07-15T10:36:02+00:00\",\"description\":\"Plaza Teresa Valls i Div\u00ed 3, 08830, Sant Boi de Llobregat \u00b7 info@centrededialalluna.com \u00b7 936 52 72 22 \u00b7 Lunes-Viernes 8.00h - 18.00h\",\"breadcrumb\":{\"@id\":\"https:\\\/\\\/centrededialalluna.com\\\/contacto\\\/#breadcrumb\"},\"inLanguage\":\"es\",\"potentialAction\":[{\"@type\":\"ReadAction\",\"target\":[\"https:\\\/\\\/centrededialalluna.com\\\/contacto\\\/\"]}]},{\"@type\":\"ImageObject\",\"inLanguage\":\"es\",\"@id\":\"https:\\\/\\\/centrededialalluna.com\\\/contacto\\\/#primaryimage\",\"url\":\"https:\\\/\\\/centrededialalluna.com\\\/wp-content\\\/uploads\\\/2021\\\/12\\\/Contacte_Lluna.jpg\",\"contentUrl\":\"https:\\\/\\\/centrededialalluna.com\\\/wp-content\\\/uploads\\\/2021\\\/12\\\/Contacte_Lluna.jpg\",\"width\":1785,\"height\":687},{\"@type\":\"BreadcrumbList\",\"@id\":\"https:\\\/\\\/centrededialalluna.com\\\/contacto\\\/#breadcrumb\",\"itemListElement\":[{\"@type\":\"ListItem\",\"position\":1,\"name\":\"Portada\",\"item\":\"https:\\\/\\\/centrededialalluna.com\\\/\"},{\"@type\":\"ListItem\",\"position\":2,\"name\":\"Contacta con nosotr@s\"}]},{\"@type\":\"WebSite\",\"@id\":\"https:\\\/\\\/centrededialalluna.com\\\/#website\",\"url\":\"https:\\\/\\\/centrededialalluna.com\\\/\",\"name\":\"La Lluna\",\"description\":\"Centre de dia per a gent gran\",\"publisher\":{\"@id\":\"https:\\\/\\\/centrededialalluna.com\\\/#organization\"},\"potentialAction\":[{\"@type\":\"SearchAction\",\"target\":{\"@type\":\"EntryPoint\",\"urlTemplate\":\"https:\\\/\\\/centrededialalluna.com\\\/?s={search_term_string}\"},\"query-input\":{\"@type\":\"PropertyValueSpecification\",\"valueRequired\":true,\"valueName\":\"search_term_string\"}}],\"inLanguage\":\"es\"},{\"@type\":\"Organization\",\"@id\":\"https:\\\/\\\/centrededialalluna.com\\\/#organization\",\"name\":\"La Lluna\",\"url\":\"https:\\\/\\\/centrededialalluna.com\\\/\",\"logo\":{\"@type\":\"ImageObject\",\"inLanguage\":\"es\",\"@id\":\"https:\\\/\\\/centrededialalluna.com\\\/#\\\/schema\\\/logo\\\/image\\\/\",\"url\":\"https:\\\/\\\/centrededialalluna.com\\\/wp-content\\\/uploads\\\/2022\\\/02\\\/LaLluna-Logo-RGB-Horizontal-Color-10-1.svg\",\"contentUrl\":\"https:\\\/\\\/centrededialalluna.com\\\/wp-content\\\/uploads\\\/2022\\\/02\\\/LaLluna-Logo-RGB-Horizontal-Color-10-1.svg\",\"width\":192,\"height\":40,\"caption\":\"La Lluna\"},\"image\":{\"@id\":\"https:\\\/\\\/centrededialalluna.com\\\/#\\\/schema\\\/logo\\\/image\\\/\"}}]}<\/script>\n<!-- \/ Yoast SEO plugin. -->","yoast_head_json":{"title":"Contacta con nosotr@s | La Lluna","description":"Plaza Teresa Valls i Div\u00ed 3, 08830, Sant Boi de Llobregat \u00b7 info@centrededialalluna.com \u00b7 936 52 72 22 \u00b7 Lunes-Viernes 8.00h - 18.00h","robots":{"index":"index","follow":"follow","max-snippet":"max-snippet:-1","max-image-preview":"max-image-preview:large","max-video-preview":"max-video-preview:-1"},"canonical":"https:\/\/centrededialalluna.com\/es_es\/contacto\/","og_locale":"es_ES","og_type":"article","og_title":"Contacta con nosotr@s | La Lluna","og_description":"Plaza Teresa Valls i Div\u00ed 3, 08830, Sant Boi de Llobregat \u00b7 info@centrededialalluna.com \u00b7 936 52 72 22 \u00b7 Lunes-Viernes 8.00h - 18.00h","og_url":"https:\/\/centrededialalluna.com\/es_es\/contacto\/","og_site_name":"La Lluna","article_modified_time":"2024-07-15T10:36:02+00:00","og_image":[{"width":1785,"height":687,"url":"https:\/\/centrededialalluna.com\/wp-content\/uploads\/2021\/12\/Contacte_Lluna.jpg","type":"image\/jpeg"}],"twitter_card":"summary_large_image","twitter_misc":{"Tiempo de lectura":"1 minuto"},"schema":{"@context":"https:\/\/schema.org","@graph":[{"@type":"WebPage","@id":"https:\/\/centrededialalluna.com\/contacto\/","url":"https:\/\/centrededialalluna.com\/contacto\/","name":"Contacta con nosotr@s | La Lluna","isPartOf":{"@id":"https:\/\/centrededialalluna.com\/#website"},"primaryImageOfPage":{"@id":"https:\/\/centrededialalluna.com\/contacto\/#primaryimage"},"image":{"@id":"https:\/\/centrededialalluna.com\/contacto\/#primaryimage"},"thumbnailUrl":"https:\/\/centrededialalluna.com\/wp-content\/uploads\/2021\/12\/Contacte_Lluna.jpg","datePublished":"2021-11-18T09:15:25+00:00","dateModified":"2024-07-15T10:36:02+00:00","description":"Plaza Teresa Valls i Div\u00ed 3, 08830, Sant Boi de Llobregat \u00b7 info@centrededialalluna.com \u00b7 936 52 72 22 \u00b7 Lunes-Viernes 8.00h - 18.00h","breadcrumb":{"@id":"https:\/\/centrededialalluna.com\/contacto\/#breadcrumb"},"inLanguage":"es","potentialAction":[{"@type":"ReadAction","target":["https:\/\/centrededialalluna.com\/contacto\/"]}]},{"@type":"ImageObject","inLanguage":"es","@id":"https:\/\/centrededialalluna.com\/contacto\/#primaryimage","url":"https:\/\/centrededialalluna.com\/wp-content\/uploads\/2021\/12\/Contacte_Lluna.jpg","contentUrl":"https:\/\/centrededialalluna.com\/wp-content\/uploads\/2021\/12\/Contacte_Lluna.jpg","width":1785,"height":687},{"@type":"BreadcrumbList","@id":"https:\/\/centrededialalluna.com\/contacto\/#breadcrumb","itemListElement":[{"@type":"ListItem","position":1,"name":"Portada","item":"https:\/\/centrededialalluna.com\/"},{"@type":"ListItem","position":2,"name":"Contacta con nosotr@s"}]},{"@type":"WebSite","@id":"https:\/\/centrededialalluna.com\/#website","url":"https:\/\/centrededialalluna.com\/","name":"La Lluna","description":"Centre de dia per a gent gran","publisher":{"@id":"https:\/\/centrededialalluna.com\/#organization"},"potentialAction":[{"@type":"SearchAction","target":{"@type":"EntryPoint","urlTemplate":"https:\/\/centrededialalluna.com\/?s={search_term_string}"},"query-input":{"@type":"PropertyValueSpecification","valueRequired":true,"valueName":"search_term_string"}}],"inLanguage":"es"},{"@type":"Organization","@id":"https:\/\/centrededialalluna.com\/#organization","name":"La Lluna","url":"https:\/\/centrededialalluna.com\/","logo":{"@type":"ImageObject","inLanguage":"es","@id":"https:\/\/centrededialalluna.com\/#\/schema\/logo\/image\/","url":"https:\/\/centrededialalluna.com\/wp-content\/uploads\/2022\/02\/LaLluna-Logo-RGB-Horizontal-Color-10-1.svg","contentUrl":"https:\/\/centrededialalluna.com\/wp-content\/uploads\/2022\/02\/LaLluna-Logo-RGB-Horizontal-Color-10-1.svg","width":192,"height":40,"caption":"La Lluna"},"image":{"@id":"https:\/\/centrededialalluna.com\/#\/schema\/logo\/image\/"}}]}},"_links":{"self":[{"href":"https:\/\/centrededialalluna.com\/es_es\/wp-json\/wp\/v2\/pages\/19131","targetHints":{"allow":["GET"]}}],"collection":[{"href":"https:\/\/centrededialalluna.com\/es_es\/wp-json\/wp\/v2\/pages"}],"about":[{"href":"https:\/\/centrededialalluna.com\/es_es\/wp-json\/wp\/v2\/types\/page"}],"author":[{"embeddable":true,"href":"https:\/\/centrededialalluna.com\/es_es\/wp-json\/wp\/v2\/users\/1"}],"replies":[{"embeddable":true,"href":"https:\/\/centrededialalluna.com\/es_es\/wp-json\/wp\/v2\/comments?post=19131"}],"version-history":[{"count":9,"href":"https:\/\/centrededialalluna.com\/es_es\/wp-json\/wp\/v2\/pages\/19131\/revisions"}],"predecessor-version":[{"id":21960,"href":"https:\/\/centrededialalluna.com\/es_es\/wp-json\/wp\/v2\/pages\/19131\/revisions\/21960"}],"wp:featuredmedia":[{"embeddable":true,"href":"https:\/\/centrededialalluna.com\/es_es\/wp-json\/wp\/v2\/media\/20381"}],"wp:attachment":[{"href":"https:\/\/centrededialalluna.com\/es_es\/wp-json\/wp\/v2\/media?parent=19131"}],"curies":[{"name":"wp","href":"https:\/\/api.w.org\/{rel}","templated":true}]}}