{"id":20937,"date":"2022-01-11T16:20:29","date_gmt":"2022-01-11T16:20:29","guid":{"rendered":"https:\/\/centrededialalluna.com\/?page_id=20937"},"modified":"2025-04-05T21:32:19","modified_gmt":"2025-04-05T21:32:19","slug":"politica-de-privacidad","status":"publish","type":"page","link":"https:\/\/centrededialalluna.com\/ca\/politica-de-privacidad\/","title":{"rendered":"POL\u00cdTICA DE PRIVACITAT"},"content":{"rendered":"<div data-elementor-type=\"wp-page\" data-elementor-id=\"20937\" class=\"elementor elementor-20937\">\n\t\t\t\t\t\t<section class=\"elementor-section elementor-top-section elementor-element elementor-element-e20a227 elementor-section-boxed elementor-section-height-default elementor-section-height-default\" data-id=\"e20a227\" data-element_type=\"section\" data-e-type=\"section\">\n\t\t\t\t\t\t<div class=\"elementor-container elementor-column-gap-default\">\n\t\t\t\t\t<div class=\"elementor-column elementor-col-100 elementor-top-column elementor-element elementor-element-aee1d5b\" data-id=\"aee1d5b\" data-element_type=\"column\" data-e-type=\"column\">\n\t\t\t<div class=\"elementor-widget-wrap elementor-element-populated\">\n\t\t\t\t\t\t<div class=\"elementor-element elementor-element-04cdf09 elementor-widget elementor-widget-text-editor\" data-id=\"04cdf09\" data-element_type=\"widget\" data-e-type=\"widget\" data-widget_type=\"text-editor.default\">\n\t\t\t\t<div class=\"elementor-widget-container\">\n\t\t\t\t\t\t\t\t\t<p>\u00daltima actualizaci\u00f3n: enero 2025.<\/p>\n<p><strong>1. INFORMACI\u00d3 A L'USUARI<\/strong><\/p>\n<p>Pe Seis Plus S.L., com a responsable del Tractament, us informa que, segons el que disposa el Reglament (UE) 2016\/679, de 27 d'abril, (RGPD) i a la L.O. 3\/2018, de 5 de desembre, de protecci\u00f3 de dades i garantia dels drets digitals (LOPDGDD), tractarem les seves dades tal com reflectim a la present Pol\u00edtica de Privadesa.<\/p>\n<p>En aquesta Pol\u00edtica de Privadesa descrivim com recollim les seves dades personals i per qu\u00e8 les recollim, qu\u00e8 fem amb elles, amb qui les compartim, com les protegim i les seves opcions quant al tractament de les seves dades personals.<\/p>\n<p>Aquesta Pol\u00edtica s'aplica al tractament de les dades personals recollides per l'empresa per a la prestaci\u00f3 dels seus serveis. Si accepteu les mesures d'aquesta Pol\u00edtica, accepteu que tractem les vostres dades personals com es defineix en aquesta Pol\u00edtica.<\/p>\n<p style=\"margin: 0cm 0cm 18pt; background-image: initial; background-position: initial; background-size: initial; background-repeat: initial; background-attachment: initial; background-origin: initial; background-clip: initial;\">En el caso de recibir un formulario de contacto o una direcci\u00f3n de email, todos los datos personales ser\u00e1n incorporados a una base de datos con titularidad de La Lluna. La responsable de los mismos es Betlem Rod\u00f3. En el caso de querer ejercer los derechos de acceso, rectificaci\u00f3n, cancelaci\u00f3n u oposici\u00f3n se puede contactar con la direcci\u00f3n de email info@centrededialalluna.com.<\/p>\n<p style=\"margin: 0cm 0cm 18pt; background-image: initial; background-position: initial; background-size: initial; background-repeat: initial; background-attachment: initial; background-origin: initial; background-clip: initial;\"><span style=\"font-size: 13.5pt; font-family: Saira; color: #171717;\">&nbsp;<\/span><\/p>\n<p><b>2. CONTACTE<\/b><br><b>Denominaci\u00f3 social: <\/b>Pe Seis Plus S.L.<br><b>Nom comercial: <\/b>Centre de dia La Lluna<br><b>CIF<\/b> B6235309 <br><b>Domicili<\/b> Pla\u00e7a Teresa Valls i Div\u00ed, 3, Sant Boi de Llobregat, 08830, Barcelona<br><b>e-mail:<\/b> info@centrededialalluna.com<\/p>\n<p><b>3. PRINCIPIS CLAU<\/b><br>Sempre hem estat compromesos amb prestar els nostres serveis amb el m\u00e9s alt grau de qualitat, cosa que inclou tractar les seves dades amb seguretat i transpar\u00e8ncia. Els nostres principis s\u00f3n:<\/p>\n<p>\u2022 Legalitat: Nom\u00e9s recopilarem les seves Dades personals per a finalitats espec\u00edfiques, expl\u00edcites i leg\u00edtimes.<br>\u2022 Minimitzaci\u00f3 de dades: Limitem la recollida de dades de car\u00e0cter personal a all\u00f2 que \u00e9s estrictament rellevant i necessari per als fins per als que s'han recopilat.<br>\u2022 Limitaci\u00f3 de la Finalitat: Nom\u00e9s recollirem les vostres dades personals per als fins declarats i nom\u00e9s segons els vostres desitjos.<br>\u2022 Precisi\u00f3: Mantindrem les vostres dades personals exactes i actualitzades.<br>\u2022 Seguretat de les Dades: Apliquem les mesures t\u00e8cniques i organitzatives adequades i proporcionals als riscos per garantir que les seves dades no pateixin danys, com ara divulgaci\u00f3 o acc\u00e9s no autoritzat, la destrucci\u00f3 accidental o il\u00b7l\u00edcita o la seva p\u00e8rdua accidental o alteraci\u00f3 i qualsevol altra forma de tractament il\u00b7l\u00edcit.<br>\u2022 Acc\u00e9s i Rectificaci\u00f3: Disposem de mitjans perqu\u00e8 accedeixi o rectifiqui les seves dades quan ho consideri oport\u00fa.<br>\u2022 Conservaci\u00f3: Conservem les vostres dades personals de manera legal i apropiada i nom\u00e9s mentre \u00e9s necessari per als fins per als que s'han recopilat.<br>\u2022 Les transfer\u00e8ncies internacionals: quan es doni el cas que les seves dades siguin transferides fora de la UE\/EEE es protegiran adequadament.<br>\u2022 Tercers: L'acc\u00e9s i la transfer\u00e8ncia de dades personals a tercers es duen a terme d'acord amb les lleis i els reglaments aplicables i amb les garanties contractuals adequades.<br>\u2022 M\u00e0rqueting Directe i galetes: Complim amb la legislaci\u00f3 aplicable en mat\u00e8ria de publicitat i galetes.<\/p>\n<p><b>4. RECOLLIDA I TRACTAMENT DE LES SEVES DADES PERSONALS<\/b><\/p>\n<p>Els tipus de dades que es poden sol\u00b7licitar i tractar s\u00f3n:<br>\u2022 Dades de car\u00e0cter identificatiu.<\/p>\n<p>Tamb\u00e9 recollim de forma autom\u00e0tica dades sobre la seva visita al nostre lloc web segons es descriu a la pol\u00edtica de cookies.<\/p>\n<p>Sempre que sol\u00b7licitem les vostres Dades personals, us informarem amb claredat de quines dades personals recollim i amb quina finalitat. \n\n\nEn general, recollim i tractem les vostres dades personals amb el prop\u00f2sit de:<br>\u2022 Proporcionar informaci\u00f3, serveis, productes, informaci\u00f3 rellevant i novetats al sector.<br>\u2022 Enviament de comunicacions.<\/p>\n<p><b>5. LEGITIMITAT<\/b><br>D'acord amb la normativa de protecci\u00f3 de dades aplicable, les vostres dades personals es podran tractar sempre que:<br>\u2022 Ens ha donat el consentiment als efectes del tractament. Per descomptat, podr\u00e0 retirar el seu consentiment en qualsevol moment.<br>\u2022 Per requeriment legal.<br>\u2022 Per existir un inter\u00e8s leg\u00edtim que no es vegi menyscabat pels seus drets de privadesa, com per exemple l'enviament d'informaci\u00f3 comercial b\u00e9 per subscripci\u00f3 a la nostra newsletter o per la seva condici\u00f3 de client.<br>\u2022 Per ser necess\u00e0ria per a la prestaci\u00f3 d'algun dels nostres serveis mitjan\u00e7ant una relaci\u00f3 contractual entre vost\u00e8 i nosaltres.<\/p>\n<p><b>6. COMUNICACI\u00d3 DE DADES PERSONALS<\/b><br>Les dades poden ser comunicades a empreses relacionades amb Pe Seis Plus S.L. per a la prestaci\u00f3 dels diversos serveis en qualitat d'encarregats del tractament. L'empresa no far\u00e0 cap cessi\u00f3, excepte per obligaci\u00f3 legal.<\/p>\n<p><b>7. ELS SEUS DRETS<\/b><br>En relaci\u00f3 amb la recollida i tractament de les vostres dades personals, podeu posar-vos en contacte amb nosaltres en qualsevol moment per:<br>\u2022 Accedir a les vostres dades personals ia qualsevol altra informaci\u00f3 indicada a l'article 15.1 del RGPD.<br>\u2022 Rectificar les dades personals que siguin inexactes o estiguin incompletes d'acord amb l'article 16 del RGPD.<br>\u2022 Suprimir les vostres dades personals d'acord amb l'article 17 del RGPD.<br>\u2022 Limitar el tractament de les vostres dades personals d'acord amb l'article 18 del RGPD.<br>\u2022 Sol\u00b7licitar la portabilitat de les vostres dades d'acord amb l'article 20 del RGPD.<br>\u2022 Oposar-se al tractament de les vostres dades personals d'acord amb l'article 21 del RGPD.<\/p>\n<p>Si heu atorgat el vostre consentiment per a alguna finalitat concreta, teniu dret a retirar el consentiment atorgat en qualsevol moment, sense que aix\u00f2 afecti la licitud del tractament basat en el consentiment previ a la seva retirada rrhh. Podeu exercir aquests drets enviant comunicaci\u00f3, motivada i acreditada, ainfo@centrededialalluna.com<\/p>\n<p>Tamb\u00e9 t\u00e9 dret a presentar una reclamaci\u00f3 davant de l'Autoritat de control competent (www.aepd.es) si considera que el tractament no s'ajusta a la normativa vigent.<\/p>\n<p><b>8. INFORMACI\u00d3 LEGAL<\/b><\/p>\n<p>Els requisits d'aquesta Pol\u00edtica complementen, i no reemplacen, qualsevol altre requisit existent sota la llei de protecci\u00f3 de dades aplicable, que ser\u00e0 la que prevalgui en qualsevol cas.<br>Aquesta Pol\u00edtica est\u00e0 subjecta a revisions peri\u00f2diques i l'empresa la pot modificar en qualsevol moment. Quan aix\u00f2 passi, us avisarem de qualsevol canvi i us demanarem que torneu a llegir la  versi\u00f3 m\u00e9s recent de la nostra Pol\u00edtica i que confirmeu la vostra acceptaci\u00f3.<\/p>\t\t\t\t\t\t\t\t<\/div>\n\t\t\t\t<\/div>\n\t\t\t\t\t<\/div>\n\t\t<\/div>\n\t\t\t\t\t<\/div>\n\t\t<\/section>\n\t\t\t\t<\/div>","protected":false},"excerpt":{"rendered":"<p>\u00daltima actualizaci\u00f3n: enero 2025. 1. INFORMACI\u00d3N AL USUARIO Pe Seis Plus S.L., como responsable del Tratamiento, le informa que, seg\u00fan lo dispuesto en el Reglamento (UE) 2016\/679, de 27 de abril, (RGPD) y en la L.O. 3\/2018, de 5 de diciembre, de protecci\u00f3n de datos y garant\u00eda de los derechos digitales (LOPDGDD), trataremos sus datos &#8230; <a title=\"POL\u00cdTICA DE PRIVACITAT\" class=\"read-more\" href=\"https:\/\/centrededialalluna.com\/ca\/politica-de-privacidad\/\" aria-label=\"M\u00e9s informaci\u00f3 sobre Pol\u00edtica de privacidad\">Read more<\/a><\/p>","protected":false},"author":1,"featured_media":21040,"parent":0,"menu_order":7,"comment_status":"closed","ping_status":"closed","template":"","meta":{"inline_featured_image":false,"footnotes":""},"class_list":["post-20937","page","type-page","status-publish","has-post-thumbnail"],"yoast_head":"<!-- This site is optimized with the Yoast SEO plugin v27.3 - https:\/\/yoast.com\/product\/yoast-seo-wordpress\/ -->\n<title>Pol\u00edtica de privacidad | La Lluna<\/title>\n<meta name=\"robots\" content=\"noindex, follow\" \/>\n<meta property=\"og:locale\" content=\"ca_ES\" \/>\n<meta property=\"og:type\" content=\"article\" \/>\n<meta property=\"og:title\" content=\"Pol\u00edtica de privacidad | La Lluna\" \/>\n<meta property=\"og:description\" content=\"\u00daltima actualizaci\u00f3n: enero 2025. 1. INFORMACI\u00d3N AL USUARIO Pe Seis Plus S.L., como responsable del Tratamiento, le informa que, seg\u00fan lo dispuesto en el Reglamento (UE) 2016\/679, de 27 de abril, (RGPD) y en la L.O. 3\/2018, de 5 de diciembre, de protecci\u00f3n de datos y garant\u00eda de los derechos digitales (LOPDGDD), trataremos sus datos ... Read more\" \/>\n<meta property=\"og:url\" content=\"https:\/\/centrededialalluna.com\/ca\/politica-de-privacidad\/\" \/>\n<meta property=\"og:site_name\" content=\"La Lluna\" \/>\n<meta property=\"article:modified_time\" content=\"2025-04-05T21:32:19+00:00\" \/>\n<meta property=\"og:image\" content=\"https:\/\/centrededialalluna.com\/wp-content\/uploads\/2022\/01\/Documentos-scaled.jpg\" \/>\n\t<meta property=\"og:image:width\" content=\"2560\" \/>\n\t<meta property=\"og:image:height\" content=\"1707\" \/>\n\t<meta property=\"og:image:type\" content=\"image\/jpeg\" \/>\n<meta name=\"twitter:card\" content=\"summary_large_image\" \/>\n<meta name=\"twitter:label1\" content=\"Temps estimat de lectura\" \/>\n\t<meta name=\"twitter:data1\" content=\"5 minuts\" \/>\n<script type=\"application\/ld+json\" class=\"yoast-schema-graph\">{\"@context\":\"https:\\\/\\\/schema.org\",\"@graph\":[{\"@type\":\"WebPage\",\"@id\":\"https:\\\/\\\/centrededialalluna.com\\\/politica-de-privacidad\\\/\",\"url\":\"https:\\\/\\\/centrededialalluna.com\\\/politica-de-privacidad\\\/\",\"name\":\"Pol\u00edtica de privacidad | La Lluna\",\"isPartOf\":{\"@id\":\"https:\\\/\\\/centrededialalluna.com\\\/#website\"},\"primaryImageOfPage\":{\"@id\":\"https:\\\/\\\/centrededialalluna.com\\\/politica-de-privacidad\\\/#primaryimage\"},\"image\":{\"@id\":\"https:\\\/\\\/centrededialalluna.com\\\/politica-de-privacidad\\\/#primaryimage\"},\"thumbnailUrl\":\"https:\\\/\\\/centrededialalluna.com\\\/wp-content\\\/uploads\\\/2022\\\/01\\\/Documentos-scaled.jpg\",\"datePublished\":\"2022-01-11T16:20:29+00:00\",\"dateModified\":\"2025-04-05T21:32:19+00:00\",\"breadcrumb\":{\"@id\":\"https:\\\/\\\/centrededialalluna.com\\\/politica-de-privacidad\\\/#breadcrumb\"},\"inLanguage\":\"ca\",\"potentialAction\":[{\"@type\":\"ReadAction\",\"target\":[\"https:\\\/\\\/centrededialalluna.com\\\/politica-de-privacidad\\\/\"]}]},{\"@type\":\"ImageObject\",\"inLanguage\":\"ca\",\"@id\":\"https:\\\/\\\/centrededialalluna.com\\\/politica-de-privacidad\\\/#primaryimage\",\"url\":\"https:\\\/\\\/centrededialalluna.com\\\/wp-content\\\/uploads\\\/2022\\\/01\\\/Documentos-scaled.jpg\",\"contentUrl\":\"https:\\\/\\\/centrededialalluna.com\\\/wp-content\\\/uploads\\\/2022\\\/01\\\/Documentos-scaled.jpg\",\"width\":2560,\"height\":1707},{\"@type\":\"BreadcrumbList\",\"@id\":\"https:\\\/\\\/centrededialalluna.com\\\/politica-de-privacidad\\\/#breadcrumb\",\"itemListElement\":[{\"@type\":\"ListItem\",\"position\":1,\"name\":\"Portada\",\"item\":\"https:\\\/\\\/centrededialalluna.com\\\/\"},{\"@type\":\"ListItem\",\"position\":2,\"name\":\"Pol\u00edtica de privacidad\"}]},{\"@type\":\"WebSite\",\"@id\":\"https:\\\/\\\/centrededialalluna.com\\\/#website\",\"url\":\"https:\\\/\\\/centrededialalluna.com\\\/\",\"name\":\"La Lluna\",\"description\":\"Centre de dia per a gent gran\",\"publisher\":{\"@id\":\"https:\\\/\\\/centrededialalluna.com\\\/#organization\"},\"potentialAction\":[{\"@type\":\"SearchAction\",\"target\":{\"@type\":\"EntryPoint\",\"urlTemplate\":\"https:\\\/\\\/centrededialalluna.com\\\/?s={search_term_string}\"},\"query-input\":{\"@type\":\"PropertyValueSpecification\",\"valueRequired\":true,\"valueName\":\"search_term_string\"}}],\"inLanguage\":\"ca\"},{\"@type\":\"Organization\",\"@id\":\"https:\\\/\\\/centrededialalluna.com\\\/#organization\",\"name\":\"La Lluna\",\"url\":\"https:\\\/\\\/centrededialalluna.com\\\/\",\"logo\":{\"@type\":\"ImageObject\",\"inLanguage\":\"ca\",\"@id\":\"https:\\\/\\\/centrededialalluna.com\\\/#\\\/schema\\\/logo\\\/image\\\/\",\"url\":\"https:\\\/\\\/centrededialalluna.com\\\/wp-content\\\/uploads\\\/2022\\\/02\\\/LaLluna-Logo-RGB-Horizontal-Color-10-1.svg\",\"contentUrl\":\"https:\\\/\\\/centrededialalluna.com\\\/wp-content\\\/uploads\\\/2022\\\/02\\\/LaLluna-Logo-RGB-Horizontal-Color-10-1.svg\",\"width\":192,\"height\":40,\"caption\":\"La Lluna\"},\"image\":{\"@id\":\"https:\\\/\\\/centrededialalluna.com\\\/#\\\/schema\\\/logo\\\/image\\\/\"}}]}<\/script>\n<!-- \/ Yoast SEO plugin. -->","yoast_head_json":{"title":"Pol\u00edtica de privacidad | La Lluna","robots":{"index":"noindex","follow":"follow"},"og_locale":"ca_ES","og_type":"article","og_title":"Pol\u00edtica de privacidad | La Lluna","og_description":"\u00daltima actualizaci\u00f3n: enero 2025. 1. INFORMACI\u00d3N AL USUARIO Pe Seis Plus S.L., como responsable del Tratamiento, le informa que, seg\u00fan lo dispuesto en el Reglamento (UE) 2016\/679, de 27 de abril, (RGPD) y en la L.O. 3\/2018, de 5 de diciembre, de protecci\u00f3n de datos y garant\u00eda de los derechos digitales (LOPDGDD), trataremos sus datos ... Read more","og_url":"https:\/\/centrededialalluna.com\/ca\/politica-de-privacidad\/","og_site_name":"La Lluna","article_modified_time":"2025-04-05T21:32:19+00:00","og_image":[{"width":2560,"height":1707,"url":"https:\/\/centrededialalluna.com\/wp-content\/uploads\/2022\/01\/Documentos-scaled.jpg","type":"image\/jpeg"}],"twitter_card":"summary_large_image","twitter_misc":{"Temps estimat de lectura":"5 minuts"},"schema":{"@context":"https:\/\/schema.org","@graph":[{"@type":"WebPage","@id":"https:\/\/centrededialalluna.com\/politica-de-privacidad\/","url":"https:\/\/centrededialalluna.com\/politica-de-privacidad\/","name":"Pol\u00edtica de privacidad | La Lluna","isPartOf":{"@id":"https:\/\/centrededialalluna.com\/#website"},"primaryImageOfPage":{"@id":"https:\/\/centrededialalluna.com\/politica-de-privacidad\/#primaryimage"},"image":{"@id":"https:\/\/centrededialalluna.com\/politica-de-privacidad\/#primaryimage"},"thumbnailUrl":"https:\/\/centrededialalluna.com\/wp-content\/uploads\/2022\/01\/Documentos-scaled.jpg","datePublished":"2022-01-11T16:20:29+00:00","dateModified":"2025-04-05T21:32:19+00:00","breadcrumb":{"@id":"https:\/\/centrededialalluna.com\/politica-de-privacidad\/#breadcrumb"},"inLanguage":"ca","potentialAction":[{"@type":"ReadAction","target":["https:\/\/centrededialalluna.com\/politica-de-privacidad\/"]}]},{"@type":"ImageObject","inLanguage":"ca","@id":"https:\/\/centrededialalluna.com\/politica-de-privacidad\/#primaryimage","url":"https:\/\/centrededialalluna.com\/wp-content\/uploads\/2022\/01\/Documentos-scaled.jpg","contentUrl":"https:\/\/centrededialalluna.com\/wp-content\/uploads\/2022\/01\/Documentos-scaled.jpg","width":2560,"height":1707},{"@type":"BreadcrumbList","@id":"https:\/\/centrededialalluna.com\/politica-de-privacidad\/#breadcrumb","itemListElement":[{"@type":"ListItem","position":1,"name":"Portada","item":"https:\/\/centrededialalluna.com\/"},{"@type":"ListItem","position":2,"name":"Pol\u00edtica de privacidad"}]},{"@type":"WebSite","@id":"https:\/\/centrededialalluna.com\/#website","url":"https:\/\/centrededialalluna.com\/","name":"La Lluna","description":"Centre de dia per a gent gran","publisher":{"@id":"https:\/\/centrededialalluna.com\/#organization"},"potentialAction":[{"@type":"SearchAction","target":{"@type":"EntryPoint","urlTemplate":"https:\/\/centrededialalluna.com\/?s={search_term_string}"},"query-input":{"@type":"PropertyValueSpecification","valueRequired":true,"valueName":"search_term_string"}}],"inLanguage":"ca"},{"@type":"Organization","@id":"https:\/\/centrededialalluna.com\/#organization","name":"La Lluna","url":"https:\/\/centrededialalluna.com\/","logo":{"@type":"ImageObject","inLanguage":"ca","@id":"https:\/\/centrededialalluna.com\/#\/schema\/logo\/image\/","url":"https:\/\/centrededialalluna.com\/wp-content\/uploads\/2022\/02\/LaLluna-Logo-RGB-Horizontal-Color-10-1.svg","contentUrl":"https:\/\/centrededialalluna.com\/wp-content\/uploads\/2022\/02\/LaLluna-Logo-RGB-Horizontal-Color-10-1.svg","width":192,"height":40,"caption":"La Lluna"},"image":{"@id":"https:\/\/centrededialalluna.com\/#\/schema\/logo\/image\/"}}]}},"_links":{"self":[{"href":"https:\/\/centrededialalluna.com\/ca\/wp-json\/wp\/v2\/pages\/20937","targetHints":{"allow":["GET"]}}],"collection":[{"href":"https:\/\/centrededialalluna.com\/ca\/wp-json\/wp\/v2\/pages"}],"about":[{"href":"https:\/\/centrededialalluna.com\/ca\/wp-json\/wp\/v2\/types\/page"}],"author":[{"embeddable":true,"href":"https:\/\/centrededialalluna.com\/ca\/wp-json\/wp\/v2\/users\/1"}],"replies":[{"embeddable":true,"href":"https:\/\/centrededialalluna.com\/ca\/wp-json\/wp\/v2\/comments?post=20937"}],"version-history":[{"count":6,"href":"https:\/\/centrededialalluna.com\/ca\/wp-json\/wp\/v2\/pages\/20937\/revisions"}],"predecessor-version":[{"id":22066,"href":"https:\/\/centrededialalluna.com\/ca\/wp-json\/wp\/v2\/pages\/20937\/revisions\/22066"}],"wp:featuredmedia":[{"embeddable":true,"href":"https:\/\/centrededialalluna.com\/ca\/wp-json\/wp\/v2\/media\/21040"}],"wp:attachment":[{"href":"https:\/\/centrededialalluna.com\/ca\/wp-json\/wp\/v2\/media?parent=20937"}],"curies":[{"name":"wp","href":"https:\/\/api.w.org\/{rel}","templated":true}]}}