{"id":19137,"date":"2021-11-18T09:36:10","date_gmt":"2021-11-18T09:36:10","guid":{"rendered":"https:\/\/centrededialalluna.com\/?page_id=19137"},"modified":"2022-05-07T05:53:03","modified_gmt":"2022-05-07T05:53:03","slug":"politica-de-cookies","status":"publish","type":"page","link":"https:\/\/centrededialalluna.com\/ca\/politica-de-cookies\/","title":{"rendered":"Pol\u00edtica de Cookies"},"content":{"rendered":"<div data-elementor-type=\"wp-page\" data-elementor-id=\"19137\" class=\"elementor elementor-19137\">\n\t\t\t\t\t\t<section class=\"elementor-section elementor-top-section elementor-element elementor-element-4d8a934 elementor-section-boxed elementor-section-height-default elementor-section-height-default\" data-id=\"4d8a934\" data-element_type=\"section\" data-e-type=\"section\">\n\t\t\t\t\t\t<div class=\"elementor-container elementor-column-gap-default\">\n\t\t\t\t\t<div class=\"elementor-column elementor-col-100 elementor-top-column elementor-element elementor-element-12f1ca2\" data-id=\"12f1ca2\" data-element_type=\"column\" data-e-type=\"column\">\n\t\t\t<div class=\"elementor-widget-wrap elementor-element-populated\">\n\t\t\t\t\t\t<div class=\"elementor-element elementor-element-20d7f1a elementor-widget elementor-widget-text-editor\" data-id=\"20d7f1a\" data-element_type=\"widget\" data-e-type=\"widget\" data-widget_type=\"text-editor.default\">\n\t\t\t\t<div class=\"elementor-widget-container\">\n\t\t\t\t\t\t\t\t\t<p>Les cookies s\u00f3n petites quantitats d'informaci\u00f3 que s'emmagatzemen al navegador utilitzat per cada usuari perqu\u00e8 el servidor recordi certa informaci\u00f3 que posteriorment pugui utilitzar.<\/p>\n<p><strong>TIPUS DE COOKIES QUE UTILITZEM<\/strong><\/p>\n<p>Aquesta p\u00e0gina web utilitza cookies de tercers que s\u00f3n aquelles que s'envien al teu ordinador o terminal des d'un domini o p\u00e0gina web que no \u00e9s gestionada per nosaltres, sin\u00f3 per una altra entitat que tracta les dades obtingudes a trav\u00e9s de les cookies.<\/p>\n<p>En aquest cas les galetes s\u00f3n utilitzades amb finalitats estad\u00edstiques relacionades amb les visites que rep i les p\u00e0gines que es consulten, quedant acceptat el seu \u00fas en navegar-hi.<\/p>\n<table width=\"1250\">\n<tbody>\n<tr>\n<td>\n<p><strong>COOKIE<br>(I PROVE\u00cfDOR)<\/strong><\/p>\n<\/td>\n<td>\n<p><strong>DURADA<\/strong><\/p>\n<\/td>\n<td>\n<p><strong>DESCRIPCI\u00d3<\/strong><\/p>\n<\/td>\n<\/tr>\n<tr>\n<td>\n<p>__cfduid (notin.es)<\/p>\n<\/td>\n<td>\n<p>Sessi\u00f3<\/p>\n<\/td>\n<td>\n<p>Publicitat<\/p>\n<\/td>\n<\/tr>\n<tr>\n<td>\n<p>personalization_id (twitter.com)<\/p>\n<\/td>\n<td>\n<p>Sessi\u00f3<\/p>\n<\/td>\n<td>\n<p>Twitter<\/p>\n<\/td>\n<\/tr>\n<tr>\n<td>\n<p>Facebook<\/p>\n<\/td>\n<td>\n<p>Publicitat estad\u00edstiques i mesures<\/p>\n<\/td>\n<td>\n<p>Col\u00b7loca galetes a l'ordinador o dispositiu i rep la informaci\u00f3 emmagatzemada quan utilitzes o visites serveis prestats per altres empreses que utilitzen els serveis de Facebook.<\/p>\n<\/td>\n<\/tr>\n<tr>\n<td>\n<p>_ga (Google)<\/p>\n<\/td>\n<td>\n<p>2 anys<\/p>\n<\/td>\n<td>\n<p>S\u2019utilitza per diferenciar als usuaris.<\/p>\n<\/td>\n<\/tr>\n<tr>\n<td>\n<p>_gid (Google)<\/p>\n<\/td>\n<td>\n<p>24 hores<\/p>\n<\/td>\n<td>\n<p>S\u2019utilitza per diferenciar als usuaris.<\/p>\n<\/td>\n<\/tr>\n<tr>\n<td>\n<p>_gat (Google)<\/p>\n<\/td>\n<td>\n<p>1 minut<\/p>\n<\/td>\n<td>\n<p>S\u2019utilitzen per limitar el percentatge de sol\u00b7licituds. Si has implementat Google Analytics mitjan\u00e7ant Google Tag Manager, aquesta galeta s\u2019anomenar\u00e0 _dc_gtm_.<\/p>\n<\/td>\n<\/tr>\n<tr>\n<td>\n<p>_gali (Google)<\/p>\n<\/td>\n<td>\n<p>30s<\/p>\n<\/td>\n<td>\n<p>Atribuci\u00f3 d\u2019enlla\u00e7 millorada.<\/p>\n<\/td>\n<\/tr>\n<tr>\n<td>\n<p>_unam (SHARETHIS)<\/p>\n<\/td>\n<td>\n<p>Persistent<\/p>\n<\/td>\n<td>\n<p>La seva finalitat \u00e9s la de quantificar el n\u00famero d\u2019Usuaris que comparteixen un determinat contingut i quantes p\u00e0gines web s\u00f3n visitades arrel d\u2019aquesta acci\u00f3.<\/p>\n<\/td>\n<\/tr>\n<tr>\n<td>\n<p>WordPress<\/p>\n<\/td>\n<td>\n<p>2 anys<\/p>\n<\/td>\n<td>\n<p>S\u2019utilitza pel correcte funcionament del gestor de contingut WordPress.<\/p>\n<\/td>\n<\/tr>\n<\/tbody>\n<\/table>\n<p>Si voleu m\u00e9s informaci\u00f3 m\u00e9s sobre els tipus de galetes de seguiment i an\u00e0lisi de dades de Google feu clic aqu\u00ed.&nbsp;<a href=\"https:\/\/www.google.com\/intl\/es_es\/policies\/technologies\/types\/\">haga clic aqu\u00ed<\/a>.&nbsp;<span style=\"background-color: var(--base-3); color: var(--global-color-11);\">Per informar-vos sobre com eliminar les cookies del vostre explorador:<\/span><\/p>\n<ul>\n<li><a href=\"https:\/\/support.mozilla.org\/es\/kb\/habilitar-y-deshabilitar-cookies-sitios-web-rastrear-preferencias\">Firefox<\/a><\/li>\n<li><a href=\"https:\/\/support.google.com\/chrome\/answer\/95647?hl=es\">Chrome<\/a><\/li>\n<li><a href=\"https:\/\/support.microsoft.com\/es-es\/topic\/eliminar-y-administrar-cookies-168dab11-0753-043d-7c16-ede5947fc64d\">Internet Explorer<\/a><\/li>\n<li><a href=\"https:\/\/support.apple.com\/kb\/PH19214?viewlocale=es_ES&amp;locale=es_ES\">Safari<\/a><\/li>\n<li><a href=\"https:\/\/www.allaboutcookies.org\/es\/administrar-las-cookies\/opera.html\">Opera<\/a><\/li>\n<\/ul>\t\t\t\t\t\t\t\t<\/div>\n\t\t\t\t<\/div>\n\t\t\t\t\t<\/div>\n\t\t<\/div>\n\t\t\t\t\t<\/div>\n\t\t<\/section>\n\t\t\t\t<\/div>","protected":false},"excerpt":{"rendered":"<p>Las cookies son peque\u00f1as cantidades de informaci\u00f3n que se almacenan en el navegador utilizado por cada usuario para que el servidor recuerde cierta informaci\u00f3n que posteriormente pueda utilizar. TIPOS DE COOKIES QUE UTILIZAMOS Esta p\u00e1gina web utiliza cookies de terceros que son aquellas que se env\u00edan a tu ordenador o terminal desde un dominio o &#8230; <a title=\"Pol\u00edtica de Cookies\" class=\"read-more\" href=\"https:\/\/centrededialalluna.com\/ca\/politica-de-cookies\/\" aria-label=\"M\u00e9s informaci\u00f3 sobre Pol\u00edtica de Cookies\">Read more<\/a><\/p>","protected":false},"author":1,"featured_media":21040,"parent":0,"menu_order":9,"comment_status":"closed","ping_status":"closed","template":"","meta":{"inline_featured_image":false,"footnotes":""},"class_list":["post-19137","page","type-page","status-publish","has-post-thumbnail"],"yoast_head":"<!-- This site is optimized with the Yoast SEO plugin v27.3 - https:\/\/yoast.com\/product\/yoast-seo-wordpress\/ -->\n<title>Pol\u00edtica de Cookies | La Lluna<\/title>\n<meta name=\"robots\" content=\"noindex, follow\" \/>\n<meta property=\"og:locale\" content=\"ca_ES\" \/>\n<meta property=\"og:type\" content=\"article\" \/>\n<meta property=\"og:title\" content=\"Pol\u00edtica de Cookies | La Lluna\" \/>\n<meta property=\"og:description\" content=\"Las cookies son peque\u00f1as cantidades de informaci\u00f3n que se almacenan en el navegador utilizado por cada usuario para que el servidor recuerde cierta informaci\u00f3n que posteriormente pueda utilizar. TIPOS DE COOKIES QUE UTILIZAMOS Esta p\u00e1gina web utiliza cookies de terceros que son aquellas que se env\u00edan a tu ordenador o terminal desde un dominio o ... Read more\" \/>\n<meta property=\"og:url\" content=\"https:\/\/centrededialalluna.com\/ca\/politica-de-cookies\/\" \/>\n<meta property=\"og:site_name\" content=\"La Lluna\" \/>\n<meta property=\"article:modified_time\" content=\"2022-05-07T05:53:03+00:00\" \/>\n<meta property=\"og:image\" content=\"https:\/\/centrededialalluna.com\/wp-content\/uploads\/2022\/01\/Documentos-scaled.jpg\" \/>\n\t<meta property=\"og:image:width\" content=\"2560\" \/>\n\t<meta property=\"og:image:height\" content=\"1707\" \/>\n\t<meta property=\"og:image:type\" content=\"image\/jpeg\" \/>\n<meta name=\"twitter:card\" content=\"summary_large_image\" \/>\n<meta name=\"twitter:label1\" content=\"Temps estimat de lectura\" \/>\n\t<meta name=\"twitter:data1\" content=\"2 minuts\" \/>\n<script type=\"application\/ld+json\" class=\"yoast-schema-graph\">{\"@context\":\"https:\\\/\\\/schema.org\",\"@graph\":[{\"@type\":\"WebPage\",\"@id\":\"https:\\\/\\\/centrededialalluna.com\\\/es_es\\\/politica-de-cookies\\\/\",\"url\":\"https:\\\/\\\/centrededialalluna.com\\\/es_es\\\/politica-de-cookies\\\/\",\"name\":\"Pol\u00edtica de Cookies | La Lluna\",\"isPartOf\":{\"@id\":\"https:\\\/\\\/centrededialalluna.com\\\/#website\"},\"primaryImageOfPage\":{\"@id\":\"https:\\\/\\\/centrededialalluna.com\\\/es_es\\\/politica-de-cookies\\\/#primaryimage\"},\"image\":{\"@id\":\"https:\\\/\\\/centrededialalluna.com\\\/es_es\\\/politica-de-cookies\\\/#primaryimage\"},\"thumbnailUrl\":\"https:\\\/\\\/centrededialalluna.com\\\/wp-content\\\/uploads\\\/2022\\\/01\\\/Documentos-scaled.jpg\",\"datePublished\":\"2021-11-18T09:36:10+00:00\",\"dateModified\":\"2022-05-07T05:53:03+00:00\",\"breadcrumb\":{\"@id\":\"https:\\\/\\\/centrededialalluna.com\\\/es_es\\\/politica-de-cookies\\\/#breadcrumb\"},\"inLanguage\":\"ca\",\"potentialAction\":[{\"@type\":\"ReadAction\",\"target\":[\"https:\\\/\\\/centrededialalluna.com\\\/es_es\\\/politica-de-cookies\\\/\"]}]},{\"@type\":\"ImageObject\",\"inLanguage\":\"ca\",\"@id\":\"https:\\\/\\\/centrededialalluna.com\\\/es_es\\\/politica-de-cookies\\\/#primaryimage\",\"url\":\"https:\\\/\\\/centrededialalluna.com\\\/wp-content\\\/uploads\\\/2022\\\/01\\\/Documentos-scaled.jpg\",\"contentUrl\":\"https:\\\/\\\/centrededialalluna.com\\\/wp-content\\\/uploads\\\/2022\\\/01\\\/Documentos-scaled.jpg\",\"width\":2560,\"height\":1707},{\"@type\":\"BreadcrumbList\",\"@id\":\"https:\\\/\\\/centrededialalluna.com\\\/es_es\\\/politica-de-cookies\\\/#breadcrumb\",\"itemListElement\":[{\"@type\":\"ListItem\",\"position\":1,\"name\":\"Portada\",\"item\":\"https:\\\/\\\/centrededialalluna.com\\\/\"},{\"@type\":\"ListItem\",\"position\":2,\"name\":\"Pol\u00edtica de Cookies\"}]},{\"@type\":\"WebSite\",\"@id\":\"https:\\\/\\\/centrededialalluna.com\\\/#website\",\"url\":\"https:\\\/\\\/centrededialalluna.com\\\/\",\"name\":\"La Lluna\",\"description\":\"Centre de dia per a gent gran\",\"publisher\":{\"@id\":\"https:\\\/\\\/centrededialalluna.com\\\/#organization\"},\"potentialAction\":[{\"@type\":\"SearchAction\",\"target\":{\"@type\":\"EntryPoint\",\"urlTemplate\":\"https:\\\/\\\/centrededialalluna.com\\\/?s={search_term_string}\"},\"query-input\":{\"@type\":\"PropertyValueSpecification\",\"valueRequired\":true,\"valueName\":\"search_term_string\"}}],\"inLanguage\":\"ca\"},{\"@type\":\"Organization\",\"@id\":\"https:\\\/\\\/centrededialalluna.com\\\/#organization\",\"name\":\"La Lluna\",\"url\":\"https:\\\/\\\/centrededialalluna.com\\\/\",\"logo\":{\"@type\":\"ImageObject\",\"inLanguage\":\"ca\",\"@id\":\"https:\\\/\\\/centrededialalluna.com\\\/#\\\/schema\\\/logo\\\/image\\\/\",\"url\":\"https:\\\/\\\/centrededialalluna.com\\\/wp-content\\\/uploads\\\/2022\\\/02\\\/LaLluna-Logo-RGB-Horizontal-Color-10-1.svg\",\"contentUrl\":\"https:\\\/\\\/centrededialalluna.com\\\/wp-content\\\/uploads\\\/2022\\\/02\\\/LaLluna-Logo-RGB-Horizontal-Color-10-1.svg\",\"width\":192,\"height\":40,\"caption\":\"La Lluna\"},\"image\":{\"@id\":\"https:\\\/\\\/centrededialalluna.com\\\/#\\\/schema\\\/logo\\\/image\\\/\"}}]}<\/script>\n<!-- \/ Yoast SEO plugin. -->","yoast_head_json":{"title":"Pol\u00edtica de Cookies | La Lluna","robots":{"index":"noindex","follow":"follow"},"og_locale":"ca_ES","og_type":"article","og_title":"Pol\u00edtica de Cookies | La Lluna","og_description":"Las cookies son peque\u00f1as cantidades de informaci\u00f3n que se almacenan en el navegador utilizado por cada usuario para que el servidor recuerde cierta informaci\u00f3n que posteriormente pueda utilizar. TIPOS DE COOKIES QUE UTILIZAMOS Esta p\u00e1gina web utiliza cookies de terceros que son aquellas que se env\u00edan a tu ordenador o terminal desde un dominio o ... Read more","og_url":"https:\/\/centrededialalluna.com\/ca\/politica-de-cookies\/","og_site_name":"La Lluna","article_modified_time":"2022-05-07T05:53:03+00:00","og_image":[{"width":2560,"height":1707,"url":"https:\/\/centrededialalluna.com\/wp-content\/uploads\/2022\/01\/Documentos-scaled.jpg","type":"image\/jpeg"}],"twitter_card":"summary_large_image","twitter_misc":{"Temps estimat de lectura":"2 minuts"},"schema":{"@context":"https:\/\/schema.org","@graph":[{"@type":"WebPage","@id":"https:\/\/centrededialalluna.com\/es_es\/politica-de-cookies\/","url":"https:\/\/centrededialalluna.com\/es_es\/politica-de-cookies\/","name":"Pol\u00edtica de Cookies | La Lluna","isPartOf":{"@id":"https:\/\/centrededialalluna.com\/#website"},"primaryImageOfPage":{"@id":"https:\/\/centrededialalluna.com\/es_es\/politica-de-cookies\/#primaryimage"},"image":{"@id":"https:\/\/centrededialalluna.com\/es_es\/politica-de-cookies\/#primaryimage"},"thumbnailUrl":"https:\/\/centrededialalluna.com\/wp-content\/uploads\/2022\/01\/Documentos-scaled.jpg","datePublished":"2021-11-18T09:36:10+00:00","dateModified":"2022-05-07T05:53:03+00:00","breadcrumb":{"@id":"https:\/\/centrededialalluna.com\/es_es\/politica-de-cookies\/#breadcrumb"},"inLanguage":"ca","potentialAction":[{"@type":"ReadAction","target":["https:\/\/centrededialalluna.com\/es_es\/politica-de-cookies\/"]}]},{"@type":"ImageObject","inLanguage":"ca","@id":"https:\/\/centrededialalluna.com\/es_es\/politica-de-cookies\/#primaryimage","url":"https:\/\/centrededialalluna.com\/wp-content\/uploads\/2022\/01\/Documentos-scaled.jpg","contentUrl":"https:\/\/centrededialalluna.com\/wp-content\/uploads\/2022\/01\/Documentos-scaled.jpg","width":2560,"height":1707},{"@type":"BreadcrumbList","@id":"https:\/\/centrededialalluna.com\/es_es\/politica-de-cookies\/#breadcrumb","itemListElement":[{"@type":"ListItem","position":1,"name":"Portada","item":"https:\/\/centrededialalluna.com\/"},{"@type":"ListItem","position":2,"name":"Pol\u00edtica de Cookies"}]},{"@type":"WebSite","@id":"https:\/\/centrededialalluna.com\/#website","url":"https:\/\/centrededialalluna.com\/","name":"La Lluna","description":"Centre de dia per a gent gran","publisher":{"@id":"https:\/\/centrededialalluna.com\/#organization"},"potentialAction":[{"@type":"SearchAction","target":{"@type":"EntryPoint","urlTemplate":"https:\/\/centrededialalluna.com\/?s={search_term_string}"},"query-input":{"@type":"PropertyValueSpecification","valueRequired":true,"valueName":"search_term_string"}}],"inLanguage":"ca"},{"@type":"Organization","@id":"https:\/\/centrededialalluna.com\/#organization","name":"La Lluna","url":"https:\/\/centrededialalluna.com\/","logo":{"@type":"ImageObject","inLanguage":"ca","@id":"https:\/\/centrededialalluna.com\/#\/schema\/logo\/image\/","url":"https:\/\/centrededialalluna.com\/wp-content\/uploads\/2022\/02\/LaLluna-Logo-RGB-Horizontal-Color-10-1.svg","contentUrl":"https:\/\/centrededialalluna.com\/wp-content\/uploads\/2022\/02\/LaLluna-Logo-RGB-Horizontal-Color-10-1.svg","width":192,"height":40,"caption":"La Lluna"},"image":{"@id":"https:\/\/centrededialalluna.com\/#\/schema\/logo\/image\/"}}]}},"_links":{"self":[{"href":"https:\/\/centrededialalluna.com\/ca\/wp-json\/wp\/v2\/pages\/19137","targetHints":{"allow":["GET"]}}],"collection":[{"href":"https:\/\/centrededialalluna.com\/ca\/wp-json\/wp\/v2\/pages"}],"about":[{"href":"https:\/\/centrededialalluna.com\/ca\/wp-json\/wp\/v2\/types\/page"}],"author":[{"embeddable":true,"href":"https:\/\/centrededialalluna.com\/ca\/wp-json\/wp\/v2\/users\/1"}],"replies":[{"embeddable":true,"href":"https:\/\/centrededialalluna.com\/ca\/wp-json\/wp\/v2\/comments?post=19137"}],"version-history":[{"count":0,"href":"https:\/\/centrededialalluna.com\/ca\/wp-json\/wp\/v2\/pages\/19137\/revisions"}],"wp:featuredmedia":[{"embeddable":true,"href":"https:\/\/centrededialalluna.com\/ca\/wp-json\/wp\/v2\/media\/21040"}],"wp:attachment":[{"href":"https:\/\/centrededialalluna.com\/ca\/wp-json\/wp\/v2\/media?parent=19137"}],"curies":[{"name":"wp","href":"https:\/\/api.w.org\/{rel}","templated":true}]}}